{"id":410,"date":"2026-02-26T07:39:33","date_gmt":"2026-02-26T07:39:33","guid":{"rendered":"https:\/\/alcnewenergy.com\/?post_type=product&#038;p=410"},"modified":"2026-02-26T07:39:33","modified_gmt":"2026-02-26T07:39:33","slug":"gl-two-row-4-seater-electric-golf-cart","status":"publish","type":"product","link":"https:\/\/alcnewenergy.com\/fr\/product\/gl-two-row-4-seater-electric-golf-cart\/","title":{"rendered":"Voiturette de golf \u00e9lectrique \u00e0 deux rang\u00e9es GL \u00e0 deux rang\u00e9es"},"content":{"rendered":"<p>La voiturette de golf \u00e0 deux rang\u00e9es et \u00e0 4 places GL est \u00e9quip\u00e9e d'un moteur CA asynchrone \u00e0 haut rendement et d'un contr\u00f4leur CA intelligent, assurant une puissance de sortie stable et de fortes performances d'escalade.<br \/>\nCombin\u00e9 \u00e0 une batterie durable et \u00e0 un syst\u00e8me de charge intelligent, il offre une gamme fiable.<\/p>\n<div style=\"overflow-x: auto; width: 100%;\">\n<table style=\"width: 100%; border-collapse: collapse;\">\n<tbody>\n<tr style=\"height: 20.00pt;\">\n<td class=\"et2\" style=\"height: 20.00pt; width: 196.00pt;\" width=\"392\" height=\"40\">Dimensions globales (L \u00d7 W \u00d7 H)<\/td>\n<td class=\"et2\" style=\"width: 262.00pt;\" width=\"524\">3100 \u00d7 1300 \u00d7 2000 mm<\/td>\n<\/tr>\n<tr style=\"height: 20.00pt;\">\n<td class=\"et2\" style=\"height: 20.00pt; width: 196.00pt;\" width=\"392\" height=\"40\">poids du v\u00e9hicule<\/td>\n<td class=\"et2\" style=\"width: 262.00pt;\" width=\"524\">650 kg<\/td>\n<\/tr>\n<tr style=\"height: 20.00pt;\">\n<td class=\"et2\" style=\"height: 20.00pt; width: 196.00pt;\" width=\"392\" height=\"40\">pile<\/td>\n<td class=\"et2\" style=\"width: 262.00pt;\" width=\"524\">60V 100Ah<\/td>\n<\/tr>\n<tr style=\"height: 20.00pt;\">\n<td class=\"et2\" style=\"height: 20.00pt; width: 196.00pt;\" width=\"392\" height=\"40\">puissance motrice<\/td>\n<td class=\"et2\" style=\"width: 262.00pt;\" width=\"524\">60V \/ 3,5 kW<\/td>\n<\/tr>\n<tr style=\"height: 20.00pt;\">\n<td class=\"et2\" style=\"height: 20.00pt; width: 196.00pt;\" width=\"392\" height=\"40\">Capacit\u00e9 des passagers<\/td>\n<td class=\"et2\" style=\"width: 262.00pt;\" width=\"524\">4 personnes<\/td>\n<\/tr>\n<tr style=\"height: 20.00pt;\">\n<td class=\"et2\" style=\"height: 20.00pt; width: 196.00pt;\" width=\"392\" height=\"40\">allure<\/td>\n<td class=\"et2\" style=\"width: 262.00pt;\" width=\"524\">30 km\/h<\/td>\n<\/tr>\n<tr style=\"height: 20.00pt;\">\n<td class=\"et2\" style=\"height: 20.00pt; width: 196.00pt;\" width=\"392\" height=\"40\">Taille des pneus<\/td>\n<td class=\"et2\" style=\"width: 262.00pt;\" width=\"524\">Pneu aspirateur tout-terrain de 14 pouces<\/td>\n<\/tr>\n<\/tbody>\n<\/table>\n<\/div>","protected":false},"excerpt":{"rendered":"<p>La voiturette de golf \u00e0 deux rang\u00e9es et \u00e0 4 places GL est \u00e9quip\u00e9e d'un moteur CA asynchrone \u00e0 haut rendement et d'un contr\u00f4leur CA intelligent, assurant une puissance de sortie stable et de fortes performances d'escalade. Combin\u00e9 \u00e0 une batterie durable et \u00e0 un syst\u00e8me de charge intelligent, il offre une gamme fiable.<\/p>","protected":false},"featured_media":411,"comment_status":"open","ping_status":"closed","template":"","meta":[],"product_brand":[],"product_cat":[25],"product_tag":[],"class_list":{"0":"post-410","1":"product","2":"type-product","3":"status-publish","4":"has-post-thumbnail","6":"product_cat-golf-cart","8":"first","9":"instock","10":"shipping-taxable","11":"product-type-simple"},"_links":{"self":[{"href":"https:\/\/alcnewenergy.com\/fr\/wp-json\/wp\/v2\/product\/410","targetHints":{"allow":["GET"]}}],"collection":[{"href":"https:\/\/alcnewenergy.com\/fr\/wp-json\/wp\/v2\/product"}],"about":[{"href":"https:\/\/alcnewenergy.com\/fr\/wp-json\/wp\/v2\/types\/product"}],"replies":[{"embeddable":true,"href":"https:\/\/alcnewenergy.com\/fr\/wp-json\/wp\/v2\/comments?post=410"}],"wp:featuredmedia":[{"embeddable":true,"href":"https:\/\/alcnewenergy.com\/fr\/wp-json\/wp\/v2\/media\/411"}],"wp:attachment":[{"href":"https:\/\/alcnewenergy.com\/fr\/wp-json\/wp\/v2\/media?parent=410"}],"wp:term":[{"taxonomy":"product_brand","embeddable":true,"href":"https:\/\/alcnewenergy.com\/fr\/wp-json\/wp\/v2\/product_brand?post=410"},{"taxonomy":"product_cat","embeddable":true,"href":"https:\/\/alcnewenergy.com\/fr\/wp-json\/wp\/v2\/product_cat?post=410"},{"taxonomy":"product_tag","embeddable":true,"href":"https:\/\/alcnewenergy.com\/fr\/wp-json\/wp\/v2\/product_tag?post=410"}],"curies":[{"name":"WP","href":"https:\/\/api.w.org\/{rel}","templated":true}]}}