{"id":408,"date":"2026-02-26T06:47:46","date_gmt":"2026-02-26T06:47:46","guid":{"rendered":"https:\/\/alcnewenergy.com\/?post_type=product&#038;p=408"},"modified":"2026-02-26T06:47:46","modified_gmt":"2026-02-26T06:47:46","slug":"two-row-4-seater-electric-golf-cart","status":"publish","type":"product","link":"https:\/\/alcnewenergy.com\/fr\/product\/two-row-4-seater-electric-golf-cart\/","title":{"rendered":"Voiturette de golf \u00e9lectrique \u00e0 deux rang\u00e9es \u00e0 4 places"},"content":{"rendered":"<p><strong>\u00b7<\/strong> Une voiturette de golf \u00e9lectrique \u00e0 deux rang\u00e9es et \u00e0 quatre places, adapt\u00e9e aux besoins de plusieurs personnes pour les d\u00e9placements \u00e0 courte distance, est pratique et pratique.<br \/>\n<strong>\u00b7<\/strong> \u00c9quip\u00e9 d'un moteur CA asynchrone \u00e0 haut rendement et d'un contr\u00f4leur AC intelligent, il offre une puissance de sortie stable, une forte capacit\u00e9 de mont\u00e9e, est \u00e9conome en \u00e9nergie et durable et offre d'excellentes performances d'endurance.<\/p>\n<div style=\"overflow-x: auto; width: 100%;\">\n<table style=\"width: 100%; border-collapse: collapse;\">\n<tbody>\n<tr style=\"height: 24.00pt;\">\n<td class=\"et2\" style=\"height: 24.00pt; width: 196.00pt;\" width=\"392\" height=\"48\">Dimensions globales (L \u00d7 W \u00d7 H)<\/td>\n<td class=\"et2\" style=\"width: 262.00pt;\" width=\"524\">3100 \u00d7 1200 \u00d7 1900 mm<\/td>\n<\/tr>\n<tr style=\"height: 24.00pt;\">\n<td class=\"et2\" style=\"height: 24.00pt; width: 196.00pt;\" width=\"392\" height=\"48\">poids du v\u00e9hicule<\/td>\n<td class=\"et2\" style=\"width: 262.00pt;\" width=\"524\">550 kg<\/td>\n<\/tr>\n<tr style=\"height: 24.00pt;\">\n<td class=\"et2\" style=\"height: 24.00pt; width: 196.00pt;\" width=\"392\" height=\"48\">pile<\/td>\n<td class=\"et2\" style=\"width: 262.00pt;\" width=\"524\">60V 100Ah<\/td>\n<\/tr>\n<tr style=\"height: 24.00pt;\">\n<td class=\"et2\" style=\"height: 24.00pt; width: 196.00pt;\" width=\"392\" height=\"48\">puissance motrice<\/td>\n<td class=\"et2\" style=\"width: 262.00pt;\" width=\"524\">60V \/ 3,5 kW<\/td>\n<\/tr>\n<tr style=\"height: 24.00pt;\">\n<td class=\"et2\" style=\"height: 24.00pt; width: 196.00pt;\" width=\"392\" height=\"48\">Capacit\u00e9 des passagers<\/td>\n<td class=\"et2\" style=\"width: 262.00pt;\" width=\"524\">4 personnes<\/td>\n<\/tr>\n<tr style=\"height: 24.00pt;\">\n<td class=\"et2\" style=\"height: 24.00pt; width: 196.00pt;\" width=\"392\" height=\"48\">allure<\/td>\n<td class=\"et2\" style=\"width: 262.00pt;\" width=\"524\">30 km\/h<\/td>\n<\/tr>\n<tr style=\"height: 24.00pt;\">\n<td class=\"et2\" style=\"height: 24.00pt; width: 196.00pt;\" width=\"392\" height=\"48\">Taille des pneus<\/td>\n<td class=\"et2\" style=\"width: 262.00pt;\" width=\"524\">Pneus tout-terrain de 10 pouces<\/td>\n<\/tr>\n<\/tbody>\n<\/table>\n<\/div>","protected":false},"excerpt":{"rendered":"<p>\u00c9quip\u00e9 d'un moteur CA asynchrone \u00e0 haut rendement et d'un contr\u00f4leur AC intelligent, il offre une puissance de sortie stable, une forte capacit\u00e9 de mont\u00e9e, est \u00e9conome en \u00e9nergie et durable et offre d'excellentes performances d'endurance.<\/p>","protected":false},"featured_media":409,"comment_status":"open","ping_status":"closed","template":"","meta":[],"product_brand":[],"product_cat":[25],"product_tag":[],"class_list":{"0":"post-408","1":"product","2":"type-product","3":"status-publish","4":"has-post-thumbnail","6":"product_cat-golf-cart","8":"first","9":"instock","10":"shipping-taxable","11":"product-type-simple"},"_links":{"self":[{"href":"https:\/\/alcnewenergy.com\/fr\/wp-json\/wp\/v2\/product\/408","targetHints":{"allow":["GET"]}}],"collection":[{"href":"https:\/\/alcnewenergy.com\/fr\/wp-json\/wp\/v2\/product"}],"about":[{"href":"https:\/\/alcnewenergy.com\/fr\/wp-json\/wp\/v2\/types\/product"}],"replies":[{"embeddable":true,"href":"https:\/\/alcnewenergy.com\/fr\/wp-json\/wp\/v2\/comments?post=408"}],"wp:featuredmedia":[{"embeddable":true,"href":"https:\/\/alcnewenergy.com\/fr\/wp-json\/wp\/v2\/media\/409"}],"wp:attachment":[{"href":"https:\/\/alcnewenergy.com\/fr\/wp-json\/wp\/v2\/media?parent=408"}],"wp:term":[{"taxonomy":"product_brand","embeddable":true,"href":"https:\/\/alcnewenergy.com\/fr\/wp-json\/wp\/v2\/product_brand?post=408"},{"taxonomy":"product_cat","embeddable":true,"href":"https:\/\/alcnewenergy.com\/fr\/wp-json\/wp\/v2\/product_cat?post=408"},{"taxonomy":"product_tag","embeddable":true,"href":"https:\/\/alcnewenergy.com\/fr\/wp-json\/wp\/v2\/product_tag?post=408"}],"curies":[{"name":"WP","href":"https:\/\/api.w.org\/{rel}","templated":true}]}}