{"id":406,"date":"2026-02-26T06:29:37","date_gmt":"2026-02-26T06:29:37","guid":{"rendered":"https:\/\/alcnewenergy.com\/?post_type=product&#038;p=406"},"modified":"2026-02-26T06:29:37","modified_gmt":"2026-02-26T06:29:37","slug":"zxk-gasoline-powered-3-row-6-seater-golf-cart","status":"publish","type":"product","link":"https:\/\/alcnewenergy.com\/fr\/product\/zxk-gasoline-powered-3-row-6-seater-golf-cart\/","title":{"rendered":"Cart de golf \u00e0 3 rangs \u00e0 3 rangs \u00e0 essence ZXK"},"content":{"rendered":"<p><strong>\u00b7<\/strong> Une voiturette de golf \u00e0 6 places \u00e0 6 places Pure Fuel peut r\u00e9pondre aux besoins de plusieurs personnes voyageant ensemble.<br \/>\n<strong>\u00b7<\/strong> \u00c9quip\u00e9 d'un moteur refroidi \u00e0 l'eau \u00e0 quatre temps et d'une transmission automatique CVT, il dispose d'une puissance de sortie stable, d'une excellente \u00e9conomie de carburant et d'une forte endurance, et peut facilement g\u00e9rer les routes avec certaines pentes.<\/p>\n<div style=\"overflow-x: auto; width: 100%;\">\n<table style=\"width: 100%; border-collapse: collapse;\">\n<tbody>\n<tr style=\"height: 24.00pt;\">\n<td class=\"et2\" style=\"height: 24.00pt; width: 196.00pt;\" width=\"392\" height=\"48\">Dimensions globales (L \u00d7 W \u00d7 H)<\/td>\n<td class=\"et2\" style=\"width: 262.00pt;\" width=\"524\">3670 \u00d7 1300 \u00d7 1950 mm<\/td>\n<\/tr>\n<tr style=\"height: 24.00pt;\">\n<td class=\"et2\" style=\"height: 24.00pt; width: 196.00pt;\" width=\"392\" height=\"48\">poids du v\u00e9hicule<\/td>\n<td class=\"et2\" style=\"width: 262.00pt;\" width=\"524\">520 kg<\/td>\n<\/tr>\n<tr style=\"height: 24.00pt;\">\n<td class=\"et2\" style=\"height: 24.00pt; width: 196.00pt;\" width=\"392\" height=\"48\">locomo<\/td>\n<td class=\"et2\" style=\"width: 262.00pt;\" width=\"524\">Moteur refroidi \u00e0 l'eau 200cc<\/td>\n<\/tr>\n<tr style=\"height: 24.00pt;\">\n<td class=\"et2\" style=\"height: 24.00pt; width: 196.00pt;\" width=\"392\" height=\"48\">Capacit\u00e9 des passagers<\/td>\n<td class=\"et2\" style=\"width: 262.00pt;\" width=\"524\">6 personnes<\/td>\n<\/tr>\n<tr style=\"height: 24.00pt;\">\n<td class=\"et2\" style=\"height: 24.00pt; width: 196.00pt;\" width=\"392\" height=\"48\">allure<\/td>\n<td class=\"et2\" style=\"width: 262.00pt;\" width=\"524\">Faible vitesse \u226415 km\/h ; vitesse \u00e9lev\u00e9e \u226450 km\/h<\/td>\n<\/tr>\n<tr style=\"height: 24.00pt;\">\n<td class=\"et2\" style=\"height: 24.00pt; width: 196.00pt;\" width=\"392\" height=\"48\">Taille des pneus<\/td>\n<td class=\"et2\" style=\"width: 262.00pt;\" width=\"524\">Pneu aspirateur tout-terrain de 14 pouces<\/td>\n<\/tr>\n<tr style=\"height: 24.00pt;\">\n<td class=\"et2\" style=\"height: 24.00pt; width: 196.00pt;\" width=\"392\" height=\"48\">Capacit\u00e9 du r\u00e9servoir de carburant<\/td>\n<td class=\"et2\" style=\"width: 262.00pt;\" width=\"524\">17 L<\/td>\n<\/tr>\n<\/tbody>\n<\/table>\n<\/div>","protected":false},"excerpt":{"rendered":"<p>Une voiturette de golf \u00e0 6 places \u00e0 6 places Pure Fuel peut r\u00e9pondre aux besoins de plusieurs personnes voyageant ensemble. \u00c9quip\u00e9 d'un moteur refroidi \u00e0 l'eau \u00e0 quatre temps et d'une transmission automatique CVT, il dispose d'une puissance de sortie stable, d'une excellente \u00e9conomie de carburant et d'une forte endurance, et peut facilement g\u00e9rer les routes avec certaines pentes.<\/p>","protected":false},"featured_media":407,"comment_status":"open","ping_status":"closed","template":"","meta":[],"product_brand":[],"product_cat":[25],"product_tag":[],"class_list":{"0":"post-406","1":"product","2":"type-product","3":"status-publish","4":"has-post-thumbnail","6":"product_cat-golf-cart","8":"first","9":"instock","10":"shipping-taxable","11":"product-type-simple"},"_links":{"self":[{"href":"https:\/\/alcnewenergy.com\/fr\/wp-json\/wp\/v2\/product\/406","targetHints":{"allow":["GET"]}}],"collection":[{"href":"https:\/\/alcnewenergy.com\/fr\/wp-json\/wp\/v2\/product"}],"about":[{"href":"https:\/\/alcnewenergy.com\/fr\/wp-json\/wp\/v2\/types\/product"}],"replies":[{"embeddable":true,"href":"https:\/\/alcnewenergy.com\/fr\/wp-json\/wp\/v2\/comments?post=406"}],"wp:featuredmedia":[{"embeddable":true,"href":"https:\/\/alcnewenergy.com\/fr\/wp-json\/wp\/v2\/media\/407"}],"wp:attachment":[{"href":"https:\/\/alcnewenergy.com\/fr\/wp-json\/wp\/v2\/media?parent=406"}],"wp:term":[{"taxonomy":"product_brand","embeddable":true,"href":"https:\/\/alcnewenergy.com\/fr\/wp-json\/wp\/v2\/product_brand?post=406"},{"taxonomy":"product_cat","embeddable":true,"href":"https:\/\/alcnewenergy.com\/fr\/wp-json\/wp\/v2\/product_cat?post=406"},{"taxonomy":"product_tag","embeddable":true,"href":"https:\/\/alcnewenergy.com\/fr\/wp-json\/wp\/v2\/product_tag?post=406"}],"curies":[{"name":"WP","href":"https:\/\/api.w.org\/{rel}","templated":true}]}}