{"id":404,"date":"2026-02-26T06:26:24","date_gmt":"2026-02-26T06:26:24","guid":{"rendered":"https:\/\/alcnewenergy.com\/?post_type=product&#038;p=404"},"modified":"2026-03-04T03:46:33","modified_gmt":"2026-03-04T03:46:33","slug":"linglong-passenger-tricycle","status":"publish","type":"product","link":"https:\/\/alcnewenergy.com\/fr\/product\/linglong-passenger-tricycle\/","title":{"rendered":"Tricycle passager Linglong"},"content":{"rendered":"<p><strong>\u00b7<\/strong> Il s'agit d'un simple tricycle de loisirs \u00e9lectrique avec un corps petit et flexible. Il est \u00e9quip\u00e9 de si\u00e8ges doubles confortables et d'un espace repose-pieds spacieux, et est facile \u00e0 utiliser.<br \/>\n<strong>\u00b7<\/strong> Il convient aux d\u00e9placements quotidiens des personnes \u00e2g\u00e9es et peut \u00e9galement r\u00e9pondre aux besoins des voyages \u00e0 courte distance, tels que la prise en charge et le d\u00e9p\u00f4t d'enfants et les achats.<\/p>\n<div style=\"overflow-x: auto; width: 100%;\">\n<table style=\"width: 100%; border-collapse: collapse;\">\n<tbody>\n<tr style=\"height: 22.00pt;\">\n<td class=\"et2\" style=\"height: 22.00pt; width: 196.00pt;\" width=\"392\" height=\"44\">Dimensions globales (L \u00d7 W \u00d7 H)<\/td>\n<td class=\"et2\" style=\"width: 262.00pt;\" width=\"524\">150 \u00d7 70 \u00d7 100 mm<\/td>\n<\/tr>\n<tr style=\"height: 22.00pt;\">\n<td class=\"et2\" style=\"height: 22.00pt; width: 196.00pt;\" width=\"392\" height=\"44\">poids du v\u00e9hicule<\/td>\n<td class=\"et2\" style=\"width: 262.00pt;\" width=\"524\">130 kg<\/td>\n<\/tr>\n<tr style=\"height: 22.00pt;\">\n<td class=\"et2\" style=\"height: 22.00pt; width: 196.00pt;\" width=\"392\" height=\"44\">Capacit\u00e9 des passagers<\/td>\n<td class=\"et2\" style=\"width: 262.00pt;\" width=\"524\">3 personnes<\/td>\n<\/tr>\n<tr style=\"height: 22.00pt;\">\n<td class=\"et2\" style=\"height: 22.00pt; width: 196.00pt;\" width=\"392\" height=\"44\">allure<\/td>\n<td class=\"et2\" style=\"width: 262.00pt;\" width=\"524\">Faible vitesse \u226415 km\/h ; vitesse \u00e9lev\u00e9e \u226450 km\/h<\/td>\n<\/tr>\n<tr style=\"height: 22.00pt;\">\n<td class=\"et2\" style=\"height: 22.00pt; width: 196.00pt;\" width=\"392\" height=\"44\">Taille des pneus<\/td>\n<td class=\"et2\" style=\"width: 262.00pt;\" width=\"524\">Avant : 3,00-8 \/ arri\u00e8re : 3,00-8<\/td>\n<\/tr>\n<\/tbody>\n<\/table>\n<\/div>","protected":false},"excerpt":{"rendered":"<p>Il s'agit d'un simple tricycle de loisirs \u00e9lectrique avec un corps petit et flexible. Il est \u00e9quip\u00e9 de si\u00e8ges doubles confortables et d'un espace repose-pieds spacieux, et est facile \u00e0 utiliser. Il convient aux d\u00e9placements quotidiens des personnes \u00e2g\u00e9es et peut \u00e9galement r\u00e9pondre aux besoins des voyages \u00e0 courte distance, tels que la prise en charge et le d\u00e9p\u00f4t d'enfants et les achats.<\/p>","protected":false},"featured_media":405,"comment_status":"open","ping_status":"closed","template":"","meta":[],"product_brand":[],"product_cat":[21],"product_tag":[],"class_list":{"0":"post-404","1":"product","2":"type-product","3":"status-publish","4":"has-post-thumbnail","6":"product_cat-passenger-tricycle","8":"first","9":"instock","10":"shipping-taxable","11":"product-type-simple"},"_links":{"self":[{"href":"https:\/\/alcnewenergy.com\/fr\/wp-json\/wp\/v2\/product\/404","targetHints":{"allow":["GET"]}}],"collection":[{"href":"https:\/\/alcnewenergy.com\/fr\/wp-json\/wp\/v2\/product"}],"about":[{"href":"https:\/\/alcnewenergy.com\/fr\/wp-json\/wp\/v2\/types\/product"}],"replies":[{"embeddable":true,"href":"https:\/\/alcnewenergy.com\/fr\/wp-json\/wp\/v2\/comments?post=404"}],"wp:featuredmedia":[{"embeddable":true,"href":"https:\/\/alcnewenergy.com\/fr\/wp-json\/wp\/v2\/media\/405"}],"wp:attachment":[{"href":"https:\/\/alcnewenergy.com\/fr\/wp-json\/wp\/v2\/media?parent=404"}],"wp:term":[{"taxonomy":"product_brand","embeddable":true,"href":"https:\/\/alcnewenergy.com\/fr\/wp-json\/wp\/v2\/product_brand?post=404"},{"taxonomy":"product_cat","embeddable":true,"href":"https:\/\/alcnewenergy.com\/fr\/wp-json\/wp\/v2\/product_cat?post=404"},{"taxonomy":"product_tag","embeddable":true,"href":"https:\/\/alcnewenergy.com\/fr\/wp-json\/wp\/v2\/product_tag?post=404"}],"curies":[{"name":"WP","href":"https:\/\/api.w.org\/{rel}","templated":true}]}}