{"id":402,"date":"2026-02-26T06:17:08","date_gmt":"2026-02-26T06:17:08","guid":{"rendered":"https:\/\/alcnewenergy.com\/?post_type=product&#038;p=402"},"modified":"2026-03-04T03:46:43","modified_gmt":"2026-03-04T03:46:43","slug":"chuanqi-passenger-tricycle","status":"publish","type":"product","link":"https:\/\/alcnewenergy.com\/fr\/product\/chuanqi-passenger-tricycle\/","title":{"rendered":"Tricycle de passagers de Chuanqi"},"content":{"rendered":"<p><strong>\u00b7<\/strong> Le pare-brise simplifi\u00e9 d'une seule pi\u00e8ce bloque efficacement le vent, la pluie et la poussi\u00e8re. Le cockpit est spacieux, avec suffisamment d'espace pour accueillir confortablement 3 personnes \u00e0 l'avant et \u00e0 l'arri\u00e8re, assurant aucune encombrement pendant le voyage.<br \/>\n<strong>\u00b7<\/strong> \u00c9quip\u00e9 d'un syst\u00e8me hydraulique d'absorption des chocs, il peut rouler en douceur, m\u00eame sur des routes cahoteuses. Les freins \u00e0 disque avant et \u00e0 tambour arri\u00e8re, combin\u00e9s \u00e0 des pneus antid\u00e9flagrants sous vide, offrent un freinage sensible, des performances antid\u00e9rapantes et une r\u00e9sistance \u00e0 l'usure.<\/p>\n<div style=\"overflow-x: auto; width: 100%;\">\n<table style=\"width: 100%; border-collapse: collapse;\">\n<tbody>\n<tr style=\"height: 22.00pt;\">\n<td class=\"et2\" style=\"height: 22.00pt; width: 196.00pt;\" width=\"392\" height=\"44\">Dimensions globales (L \u00d7 W \u00d7 H)<\/td>\n<td class=\"et2\" style=\"width: 262.00pt;\" width=\"524\">2100 \u00d7 1050 \u00d7 1700 mm<\/td>\n<\/tr>\n<tr style=\"height: 22.00pt;\">\n<td class=\"et2\" style=\"height: 22.00pt; width: 196.00pt;\" width=\"392\" height=\"44\">poids du v\u00e9hicule<\/td>\n<td class=\"et2\" style=\"width: 262.00pt;\" width=\"524\">160 kg<\/td>\n<\/tr>\n<tr style=\"height: 22.00pt;\">\n<td class=\"et2\" style=\"height: 22.00pt; width: 196.00pt;\" width=\"392\" height=\"44\">Capacit\u00e9 des passagers<\/td>\n<td class=\"et2\" style=\"width: 262.00pt;\" width=\"524\">3 personnes<\/td>\n<\/tr>\n<tr style=\"height: 22.00pt;\">\n<td class=\"et2\" style=\"height: 22.00pt; width: 196.00pt;\" width=\"392\" height=\"44\">allure<\/td>\n<td class=\"et2\" style=\"width: 262.00pt;\" width=\"524\">Faible vitesse \u226415 km\/h ; vitesse \u00e9lev\u00e9e \u226450 km\/h<\/td>\n<\/tr>\n<tr style=\"height: 22.00pt;\">\n<td class=\"et2\" style=\"height: 22.00pt; width: 196.00pt;\" width=\"392\" height=\"44\">Taille des pneus<\/td>\n<td class=\"et2\" style=\"width: 262.00pt;\" width=\"524\">Avant : 3,00-12 \/ arri\u00e8re : 3,00-12<\/td>\n<\/tr>\n<\/tbody>\n<\/table>\n<\/div>","protected":false},"excerpt":{"rendered":"<p>\u00c9quip\u00e9 d'un syst\u00e8me hydraulique d'absorption des chocs, il peut rouler en douceur, m\u00eame sur des routes cahoteuses. Les freins \u00e0 disque avant et \u00e0 tambour arri\u00e8re, combin\u00e9s \u00e0 des pneus antid\u00e9flagrants sous vide, offrent un freinage sensible, des performances antid\u00e9rapantes et une r\u00e9sistance \u00e0 l'usure.<\/p>","protected":false},"featured_media":403,"comment_status":"open","ping_status":"closed","template":"","meta":[],"product_brand":[],"product_cat":[21],"product_tag":[],"class_list":{"0":"post-402","1":"product","2":"type-product","3":"status-publish","4":"has-post-thumbnail","6":"product_cat-passenger-tricycle","8":"first","9":"instock","10":"shipping-taxable","11":"product-type-simple"},"_links":{"self":[{"href":"https:\/\/alcnewenergy.com\/fr\/wp-json\/wp\/v2\/product\/402","targetHints":{"allow":["GET"]}}],"collection":[{"href":"https:\/\/alcnewenergy.com\/fr\/wp-json\/wp\/v2\/product"}],"about":[{"href":"https:\/\/alcnewenergy.com\/fr\/wp-json\/wp\/v2\/types\/product"}],"replies":[{"embeddable":true,"href":"https:\/\/alcnewenergy.com\/fr\/wp-json\/wp\/v2\/comments?post=402"}],"wp:featuredmedia":[{"embeddable":true,"href":"https:\/\/alcnewenergy.com\/fr\/wp-json\/wp\/v2\/media\/403"}],"wp:attachment":[{"href":"https:\/\/alcnewenergy.com\/fr\/wp-json\/wp\/v2\/media?parent=402"}],"wp:term":[{"taxonomy":"product_brand","embeddable":true,"href":"https:\/\/alcnewenergy.com\/fr\/wp-json\/wp\/v2\/product_brand?post=402"},{"taxonomy":"product_cat","embeddable":true,"href":"https:\/\/alcnewenergy.com\/fr\/wp-json\/wp\/v2\/product_cat?post=402"},{"taxonomy":"product_tag","embeddable":true,"href":"https:\/\/alcnewenergy.com\/fr\/wp-json\/wp\/v2\/product_tag?post=402"}],"curies":[{"name":"WP","href":"https:\/\/api.w.org\/{rel}","templated":true}]}}