{"id":398,"date":"2026-02-26T05:51:28","date_gmt":"2026-02-26T05:51:28","guid":{"rendered":"https:\/\/alcnewenergy.com\/?post_type=product&#038;p=398"},"modified":"2026-03-04T03:46:53","modified_gmt":"2026-03-04T03:46:53","slug":"g29-electric-motorcycles","status":"publish","type":"product","link":"https:\/\/alcnewenergy.com\/fr\/product\/g29-electric-motorcycles\/","title":{"rendered":"G29 Motos \u00e9lectriques"},"content":{"rendered":"<p><strong>\u00b7<\/strong> Le v\u00e9hicule entier adopte une structure de ch\u00e2ssis renforc\u00e9e, avec des pi\u00e8ces portantes cl\u00e9s subissant un traitement de renforcement, r\u00e9duisant efficacement la perte de fatigue lors d'une utilisation \u00e0 long terme.<br \/>\n<strong>\u00b7<\/strong> Le v\u00e9hicule peut s'adapter aux routes urbaines, aux routes rurales et aux conditions routi\u00e8res complexes, ce qui en fait un choix id\u00e9al pour les march\u00e9s aux exigences \u00e9lev\u00e9es.<\/p>\n<div style=\"overflow-x: auto; width: 100%;\">\n<table style=\"width: 100%; border-collapse: collapse;\">\n<tbody>\n<tr style=\"height: 22.00pt;\">\n<td class=\"et2\" style=\"height: 22.00pt; width: 196.00pt;\" width=\"392\" height=\"44\">Dimensions globales (L \u00d7 W \u00d7 H)<\/td>\n<td class=\"et2\" style=\"width: 262.00pt;\" width=\"524\">1800 \u00d7 720 \u00d7 1070 mm<\/td>\n<\/tr>\n<tr style=\"height: 22.00pt;\">\n<td class=\"et2\" style=\"height: 22.00pt; width: 196.00pt;\" width=\"392\" height=\"44\">pile<\/td>\n<td class=\"et2\" style=\"width: 262.00pt;\" width=\"524\">60V \/ 72V 20 \/ 30Ah<\/td>\n<\/tr>\n<tr style=\"height: 22.00pt;\">\n<td class=\"et2\" style=\"height: 22.00pt; width: 196.00pt;\" width=\"392\" height=\"44\">moteur<\/td>\n<td class=\"et2\" style=\"width: 262.00pt;\" width=\"524\">10 pouces 222 Fil simple \/ Acier aimant 35H, \u00e9paisseur 2,3, 1500W<\/td>\n<\/tr>\n<tr style=\"height: 22.00pt;\">\n<td class=\"et2\" style=\"height: 22.00pt; width: 196.00pt;\" width=\"392\" height=\"44\">allure<\/td>\n<td class=\"et2\" style=\"width: 262.00pt;\" width=\"524\">Faible vitesse \u226415 km\/h ; vitesse \u00e9lev\u00e9e \u226470 km\/h<\/td>\n<\/tr>\n<tr style=\"height: 22.00pt;\">\n<td class=\"et2\" style=\"height: 22.00pt; width: 196.00pt;\" width=\"392\" height=\"44\">Taille des pneus<\/td>\n<td class=\"et2\" style=\"width: 262.00pt;\" width=\"524\">3.00-10 Pneu aspirant<\/td>\n<\/tr>\n<\/tbody>\n<\/table>\n<\/div>","protected":false},"excerpt":{"rendered":"<p>Le v\u00e9hicule entier adopte une structure de ch\u00e2ssis renforc\u00e9e, avec des pi\u00e8ces portantes cl\u00e9s subissant un traitement de renforcement, r\u00e9duisant efficacement la perte de fatigue lors d'une utilisation \u00e0 long terme.<\/p>","protected":false},"featured_media":399,"comment_status":"open","ping_status":"closed","template":"","meta":[],"product_brand":[],"product_cat":[24],"product_tag":[],"class_list":{"0":"post-398","1":"product","2":"type-product","3":"status-publish","4":"has-post-thumbnail","6":"product_cat-electric-motorcycles","8":"first","9":"instock","10":"shipping-taxable","11":"product-type-simple"},"_links":{"self":[{"href":"https:\/\/alcnewenergy.com\/fr\/wp-json\/wp\/v2\/product\/398","targetHints":{"allow":["GET"]}}],"collection":[{"href":"https:\/\/alcnewenergy.com\/fr\/wp-json\/wp\/v2\/product"}],"about":[{"href":"https:\/\/alcnewenergy.com\/fr\/wp-json\/wp\/v2\/types\/product"}],"replies":[{"embeddable":true,"href":"https:\/\/alcnewenergy.com\/fr\/wp-json\/wp\/v2\/comments?post=398"}],"wp:featuredmedia":[{"embeddable":true,"href":"https:\/\/alcnewenergy.com\/fr\/wp-json\/wp\/v2\/media\/399"}],"wp:attachment":[{"href":"https:\/\/alcnewenergy.com\/fr\/wp-json\/wp\/v2\/media?parent=398"}],"wp:term":[{"taxonomy":"product_brand","embeddable":true,"href":"https:\/\/alcnewenergy.com\/fr\/wp-json\/wp\/v2\/product_brand?post=398"},{"taxonomy":"product_cat","embeddable":true,"href":"https:\/\/alcnewenergy.com\/fr\/wp-json\/wp\/v2\/product_cat?post=398"},{"taxonomy":"product_tag","embeddable":true,"href":"https:\/\/alcnewenergy.com\/fr\/wp-json\/wp\/v2\/product_tag?post=398"}],"curies":[{"name":"WP","href":"https:\/\/api.w.org\/{rel}","templated":true}]}}