{"id":396,"date":"2026-02-26T05:46:14","date_gmt":"2026-02-26T05:46:14","guid":{"rendered":"https:\/\/alcnewenergy.com\/?post_type=product&#038;p=396"},"modified":"2026-03-04T03:46:58","modified_gmt":"2026-03-04T03:46:58","slug":"g25-2-electric-motorcycles","status":"publish","type":"product","link":"https:\/\/alcnewenergy.com\/fr\/product\/g25-2-electric-motorcycles\/","title":{"rendered":"G25-2 motos \u00e9lectriques"},"content":{"rendered":"<p><strong>\u00b7<\/strong> Cette moto \u00e9lectrique est con\u00e7ue avec durabilit\u00e9 et praticit\u00e9 comme concepts de base, sp\u00e9cialement con\u00e7us pour les environnements d'utilisation \u00e0 haute intensit\u00e9.<br \/>\n<strong>\u00b7<\/strong> La structure du corps est robuste et les \u00e9l\u00e9ments porteurs cl\u00e9s ont subi un traitement de renforcement, r\u00e9sistant efficacement aux vibrations et aux impacts caus\u00e9s par la conduite \u00e0 long terme.<\/p>\n<div style=\"overflow-x: auto; width: 100%;\">\n<table style=\"width: 100%; border-collapse: collapse;\">\n<tbody>\n<tr style=\"height: 22.00pt;\">\n<td class=\"et2\" style=\"height: 22.00pt; width: 196.00pt;\" width=\"392\" height=\"44\">Dimensions globales (L \u00d7 W \u00d7 H)<\/td>\n<td class=\"et2\" style=\"width: 262.00pt;\" width=\"524\">1660 \u00d7 720 \u00d7 1050 mm<\/td>\n<\/tr>\n<tr style=\"height: 22.00pt;\">\n<td class=\"et2\" style=\"height: 22.00pt; width: 196.00pt;\" width=\"392\" height=\"44\">pile<\/td>\n<td class=\"et2\" style=\"width: 262.00pt;\" width=\"524\">48V \/ 60V 20Ah<\/td>\n<\/tr>\n<tr style=\"height: 22.00pt;\">\n<td class=\"et2\" style=\"height: 22.00pt; width: 196.00pt;\" width=\"392\" height=\"44\">moteur<\/td>\n<td class=\"et2\" style=\"width: 262.00pt;\" width=\"524\">10 pouces 215 fil unique \/ acier aimant 24H 1,8T, 600W<\/td>\n<\/tr>\n<tr style=\"height: 22.00pt;\">\n<td class=\"et2\" style=\"height: 22.00pt; width: 196.00pt;\" width=\"392\" height=\"44\">allure<\/td>\n<td class=\"et2\" style=\"width: 262.00pt;\" width=\"524\">Faible vitesse \u226415 km\/h ; vitesse \u00e9lev\u00e9e \u226450 km\/h<\/td>\n<\/tr>\n<tr style=\"height: 22.00pt;\">\n<td class=\"et2\" style=\"height: 22.00pt; width: 196.00pt;\" width=\"392\" height=\"44\">Taille des pneus<\/td>\n<td class=\"et2\" style=\"width: 262.00pt;\" width=\"524\">3.00-10 Pneu aspirant<\/td>\n<\/tr>\n<\/tbody>\n<\/table>\n<\/div>","protected":false},"excerpt":{"rendered":"<p>Cette moto \u00e9lectrique est con\u00e7ue avec durabilit\u00e9 et praticit\u00e9 comme concepts de base, sp\u00e9cialement con\u00e7us pour les environnements d'utilisation \u00e0 haute intensit\u00e9. La structure du corps est robuste et les \u00e9l\u00e9ments porteurs cl\u00e9s ont subi un traitement de renforcement, r\u00e9sistant efficacement aux vibrations et aux impacts caus\u00e9s par la conduite \u00e0 long terme.<\/p>","protected":false},"featured_media":397,"comment_status":"open","ping_status":"closed","template":"","meta":[],"product_brand":[],"product_cat":[24],"product_tag":[],"class_list":{"0":"post-396","1":"product","2":"type-product","3":"status-publish","4":"has-post-thumbnail","6":"product_cat-electric-motorcycles","8":"first","9":"instock","10":"shipping-taxable","11":"product-type-simple"},"_links":{"self":[{"href":"https:\/\/alcnewenergy.com\/fr\/wp-json\/wp\/v2\/product\/396","targetHints":{"allow":["GET"]}}],"collection":[{"href":"https:\/\/alcnewenergy.com\/fr\/wp-json\/wp\/v2\/product"}],"about":[{"href":"https:\/\/alcnewenergy.com\/fr\/wp-json\/wp\/v2\/types\/product"}],"replies":[{"embeddable":true,"href":"https:\/\/alcnewenergy.com\/fr\/wp-json\/wp\/v2\/comments?post=396"}],"wp:featuredmedia":[{"embeddable":true,"href":"https:\/\/alcnewenergy.com\/fr\/wp-json\/wp\/v2\/media\/397"}],"wp:attachment":[{"href":"https:\/\/alcnewenergy.com\/fr\/wp-json\/wp\/v2\/media?parent=396"}],"wp:term":[{"taxonomy":"product_brand","embeddable":true,"href":"https:\/\/alcnewenergy.com\/fr\/wp-json\/wp\/v2\/product_brand?post=396"},{"taxonomy":"product_cat","embeddable":true,"href":"https:\/\/alcnewenergy.com\/fr\/wp-json\/wp\/v2\/product_cat?post=396"},{"taxonomy":"product_tag","embeddable":true,"href":"https:\/\/alcnewenergy.com\/fr\/wp-json\/wp\/v2\/product_tag?post=396"}],"curies":[{"name":"WP","href":"https:\/\/api.w.org\/{rel}","templated":true}]}}