{"id":394,"date":"2026-02-26T05:41:54","date_gmt":"2026-02-26T05:41:54","guid":{"rendered":"https:\/\/alcnewenergy.com\/?post_type=product&#038;p=394"},"modified":"2026-03-04T03:47:04","modified_gmt":"2026-03-04T03:47:04","slug":"g7pro-electric-motorcycles","status":"publish","type":"product","link":"https:\/\/alcnewenergy.com\/fr\/product\/g7pro-electric-motorcycles\/","title":{"rendered":"Motos \u00e9lectriques G7Pro"},"content":{"rendered":"<p><strong>\u00b7<\/strong> Les motos \u00e9lectriques sont \u00e9quip\u00e9es de moteurs sans balais \u00e0 haut rendement, qui offrent une puissance de sortie stable et puissante, une r\u00e9ponse de d\u00e9marrage rapide et une forte capacit\u00e9 de mont\u00e9e. Ils conservent d'excellentes performances m\u00eame en pleine charge ou pendant la conduite de longue dur\u00e9e.<br \/>\n<strong>\u00b7<\/strong> La conception du moteur \u00e0 haute efficacit\u00e9 am\u00e9liore non seulement l'exp\u00e9rience de conduite, mais r\u00e9duit \u00e9galement efficacement la consommation d'\u00e9nergie et prolonge la dur\u00e9e de vie de l'ensemble du v\u00e9hicule.<\/p>\n<div style=\"overflow-x: auto; width: 100%;\">\n<table style=\"width: 100%; border-collapse: collapse;\">\n<tbody>\n<tr style=\"height: 20.00pt;\">\n<td class=\"et2\" style=\"height: 20.00pt; width: 196.00pt;\" width=\"392\" height=\"40\">Dimensions globales (L \u00d7 W \u00d7 H)<\/td>\n<td class=\"et2\" style=\"width: 262.00pt;\" width=\"524\">1800 \u00d7 720 \u00d7 1070 mm<\/td>\n<\/tr>\n<tr style=\"height: 20.00pt;\">\n<td class=\"et2\" style=\"height: 20.00pt; width: 196.00pt;\" width=\"392\" height=\"40\">pile<\/td>\n<td class=\"et2\" style=\"width: 262.00pt;\" width=\"524\">60V \/ 72V 20Ah<\/td>\n<\/tr>\n<tr style=\"height: 20.00pt;\">\n<td class=\"et2\" style=\"height: 20.00pt; width: 196.00pt;\" width=\"392\" height=\"40\">moteur<\/td>\n<td class=\"et2\" style=\"width: 262.00pt;\" width=\"524\">10 pouces 215 fils uniques\/acier aimant 35H 2,3T<\/td>\n<\/tr>\n<tr style=\"height: 20.00pt;\">\n<td class=\"et2\" style=\"height: 20.00pt; width: 196.00pt;\" width=\"392\" height=\"40\">allure<\/td>\n<td class=\"et2\" style=\"width: 262.00pt;\" width=\"524\">Faible vitesse \u226415 km\/h ; vitesse \u00e9lev\u00e9e \u226470 km\/h<\/td>\n<\/tr>\n<tr style=\"height: 20.00pt;\">\n<td class=\"et2\" style=\"height: 20.00pt; width: 196.00pt;\" width=\"392\" height=\"40\">Taille des pneus<\/td>\n<td class=\"et2\" style=\"width: 262.00pt;\" width=\"524\">3.00-10 Pneu aspirant<\/td>\n<\/tr>\n<\/tbody>\n<\/table>\n<\/div>","protected":false},"excerpt":{"rendered":"<p>Les motos \u00e9lectriques sont \u00e9quip\u00e9es de moteurs sans balais \u00e0 haut rendement, qui offrent une puissance de sortie stable et puissante, une r\u00e9ponse de d\u00e9marrage rapide et une forte capacit\u00e9 de mont\u00e9e. Ils conservent d'excellentes performances m\u00eame en pleine charge ou pendant la conduite de longue dur\u00e9e.<\/p>","protected":false},"featured_media":395,"comment_status":"open","ping_status":"closed","template":"","meta":[],"product_brand":[],"product_cat":[24],"product_tag":[],"class_list":{"0":"post-394","1":"product","2":"type-product","3":"status-publish","4":"has-post-thumbnail","6":"product_cat-electric-motorcycles","8":"first","9":"instock","10":"shipping-taxable","11":"product-type-simple"},"_links":{"self":[{"href":"https:\/\/alcnewenergy.com\/fr\/wp-json\/wp\/v2\/product\/394","targetHints":{"allow":["GET"]}}],"collection":[{"href":"https:\/\/alcnewenergy.com\/fr\/wp-json\/wp\/v2\/product"}],"about":[{"href":"https:\/\/alcnewenergy.com\/fr\/wp-json\/wp\/v2\/types\/product"}],"replies":[{"embeddable":true,"href":"https:\/\/alcnewenergy.com\/fr\/wp-json\/wp\/v2\/comments?post=394"}],"wp:featuredmedia":[{"embeddable":true,"href":"https:\/\/alcnewenergy.com\/fr\/wp-json\/wp\/v2\/media\/395"}],"wp:attachment":[{"href":"https:\/\/alcnewenergy.com\/fr\/wp-json\/wp\/v2\/media?parent=394"}],"wp:term":[{"taxonomy":"product_brand","embeddable":true,"href":"https:\/\/alcnewenergy.com\/fr\/wp-json\/wp\/v2\/product_brand?post=394"},{"taxonomy":"product_cat","embeddable":true,"href":"https:\/\/alcnewenergy.com\/fr\/wp-json\/wp\/v2\/product_cat?post=394"},{"taxonomy":"product_tag","embeddable":true,"href":"https:\/\/alcnewenergy.com\/fr\/wp-json\/wp\/v2\/product_tag?post=394"}],"curies":[{"name":"WP","href":"https:\/\/api.w.org\/{rel}","templated":true}]}}