{"id":391,"date":"2026-02-26T05:35:57","date_gmt":"2026-02-26T05:35:57","guid":{"rendered":"https:\/\/alcnewenergy.com\/?post_type=product&#038;p=391"},"modified":"2026-03-04T03:47:08","modified_gmt":"2026-03-04T03:47:08","slug":"miya-electric-motorcycles","status":"publish","type":"product","link":"https:\/\/alcnewenergy.com\/fr\/product\/miya-electric-motorcycles\/","title":{"rendered":"Miya motos \u00e9lectriques"},"content":{"rendered":"<p><strong>\u00b7<\/strong> Les motos \u00e9lectriques ont \u00e9t\u00e9 optimis\u00e9es en termes de maniabilit\u00e9 et de confort de conduite. Ils ont un bon \u00e9quilibre corporel et une direction flexible, ce qui les rend adapt\u00e9s aux utilisateurs ayant des habitudes de conduite diff\u00e9rentes.<br \/>\n<strong>\u00b7<\/strong> La conception conviviale am\u00e9liore la commodit\u00e9 d'une utilisation quotidienne, ce qui les rend adapt\u00e9s aux sc\u00e9narios impliquant une conduite de longue dur\u00e9e et des d\u00e9marrages et arr\u00eats fr\u00e9quents.<\/p>\n<div style=\"overflow-x: auto; width: 100%;\">\n<table style=\"width: 100%; border-collapse: collapse;\">\n<tbody>\n<tr style=\"height: 24.00pt;\">\n<td class=\"et2\" style=\"height: 24.00pt; width: 196.00pt;\" width=\"392\" height=\"48\">Dimensions globales (L \u00d7 W \u00d7 H)<\/td>\n<td class=\"et2\" style=\"width: 262.00pt;\" width=\"524\">1660 \u00d7 720 \u00d7 1050 mm<\/td>\n<\/tr>\n<tr style=\"height: 24.00pt;\">\n<td class=\"et2\" style=\"height: 24.00pt; width: 196.00pt;\" width=\"392\" height=\"48\">pile<\/td>\n<td class=\"et2\" style=\"width: 262.00pt;\" width=\"524\">48V \/ 60V 20Ah<\/td>\n<\/tr>\n<tr style=\"height: 24.00pt;\">\n<td class=\"et2\" style=\"height: 24.00pt; width: 196.00pt;\" width=\"392\" height=\"48\">moteur<\/td>\n<td class=\"et2\" style=\"width: 262.00pt;\" width=\"524\">10 pouces 215 fil unique \/ acier aimant 24H 1,8T, 600W<\/td>\n<\/tr>\n<tr style=\"height: 24.00pt;\">\n<td class=\"et2\" style=\"height: 24.00pt; width: 196.00pt;\" width=\"392\" height=\"48\">allure<\/td>\n<td class=\"et2\" style=\"width: 262.00pt;\" width=\"524\">Faible vitesse \u226415 km\/h ; vitesse \u00e9lev\u00e9e \u226450 km\/h<\/td>\n<\/tr>\n<tr style=\"height: 24.00pt;\">\n<td class=\"et2\" style=\"height: 24.00pt; width: 196.00pt;\" width=\"392\" height=\"48\">Taille des pneus<\/td>\n<td class=\"et2\" style=\"width: 262.00pt;\" width=\"524\">Pneu aspirant 300-10<\/td>\n<\/tr>\n<\/tbody>\n<\/table>\n<\/div>","protected":false},"excerpt":{"rendered":"<p>Les motos \u00e9lectriques ont \u00e9t\u00e9 optimis\u00e9es en termes de maniabilit\u00e9 et de confort de conduite. Ils ont un bon \u00e9quilibre corporel et une direction flexible, ce qui les rend adapt\u00e9s aux utilisateurs ayant des habitudes de conduite diff\u00e9rentes.<\/p>","protected":false},"featured_media":392,"comment_status":"open","ping_status":"closed","template":"","meta":[],"product_brand":[],"product_cat":[24],"product_tag":[],"class_list":{"0":"post-391","1":"product","2":"type-product","3":"status-publish","4":"has-post-thumbnail","6":"product_cat-electric-motorcycles","8":"first","9":"instock","10":"shipping-taxable","11":"product-type-simple"},"_links":{"self":[{"href":"https:\/\/alcnewenergy.com\/fr\/wp-json\/wp\/v2\/product\/391","targetHints":{"allow":["GET"]}}],"collection":[{"href":"https:\/\/alcnewenergy.com\/fr\/wp-json\/wp\/v2\/product"}],"about":[{"href":"https:\/\/alcnewenergy.com\/fr\/wp-json\/wp\/v2\/types\/product"}],"replies":[{"embeddable":true,"href":"https:\/\/alcnewenergy.com\/fr\/wp-json\/wp\/v2\/comments?post=391"}],"wp:featuredmedia":[{"embeddable":true,"href":"https:\/\/alcnewenergy.com\/fr\/wp-json\/wp\/v2\/media\/392"}],"wp:attachment":[{"href":"https:\/\/alcnewenergy.com\/fr\/wp-json\/wp\/v2\/media?parent=391"}],"wp:term":[{"taxonomy":"product_brand","embeddable":true,"href":"https:\/\/alcnewenergy.com\/fr\/wp-json\/wp\/v2\/product_brand?post=391"},{"taxonomy":"product_cat","embeddable":true,"href":"https:\/\/alcnewenergy.com\/fr\/wp-json\/wp\/v2\/product_cat?post=391"},{"taxonomy":"product_tag","embeddable":true,"href":"https:\/\/alcnewenergy.com\/fr\/wp-json\/wp\/v2\/product_tag?post=391"}],"curies":[{"name":"WP","href":"https:\/\/api.w.org\/{rel}","templated":true}]}}