{"id":389,"date":"2026-02-26T05:30:37","date_gmt":"2026-02-26T05:30:37","guid":{"rendered":"https:\/\/alcnewenergy.com\/?post_type=product&#038;p=389"},"modified":"2026-03-04T03:47:12","modified_gmt":"2026-03-04T03:47:12","slug":"zhanjia-electric-motorcycles","status":"publish","type":"product","link":"https:\/\/alcnewenergy.com\/fr\/product\/zhanjia-electric-motorcycles\/","title":{"rendered":"Motos \u00e9lectriques Zhanjia"},"content":{"rendered":"<p><strong>\u00b7<\/strong> \u00c9quip\u00e9 d'un moteur \u00e0 haut rendement, il offre une puissance de sortie stable et puissante, offrant un d\u00e9marrage rapide et une forte capacit\u00e9 d'escalade.<br \/>\n<strong>\u00b7<\/strong> Combin\u00e9 \u00e0 un syst\u00e8me de batterie haute capacit\u00e9, il offre des performances de gamme fiables, r\u00e9pondant aux besoins des utilisateurs en mati\u00e8re de d\u00e9placements quotidiens et d'utilisation \u00e0 haute fr\u00e9quence.<\/p>\n<div style=\"overflow-x: auto; width: 100%;\">\n<table style=\"width: 100%; border-collapse: collapse;\">\n<tbody>\n<tr style=\"height: 20.00pt;\">\n<td class=\"et2\" style=\"height: 20.00pt; width: 196.00pt;\" width=\"392\" height=\"40\">pile<\/td>\n<td class=\"et2\" style=\"width: 262.00pt;\" width=\"524\">20\/30h<\/td>\n<\/tr>\n<tr style=\"height: 20.00pt;\">\n<td class=\"et2\" style=\"height: 20.00pt; width: 196.00pt;\" width=\"392\" height=\"40\">moteur<\/td>\n<td class=\"et2\" style=\"width: 262.00pt;\" width=\"524\">10 pouces 215 \/ aimant 30h, \u00e9paisseur 1,8<\/td>\n<\/tr>\n<tr style=\"height: 20.00pt;\">\n<td class=\"et2\" style=\"height: 20.00pt; width: 196.00pt;\" width=\"392\" height=\"40\">allure<\/td>\n<td class=\"et2\" style=\"width: 262.00pt;\" width=\"524\">Faible vitesse \u226415 km\/h ; vitesse \u00e9lev\u00e9e \u226450 km\/h<\/td>\n<\/tr>\n<tr style=\"height: 20.00pt;\">\n<td class=\"et2\" style=\"height: 20.00pt; width: 196.00pt;\" width=\"392\" height=\"40\">Taille des pneus<\/td>\n<td class=\"et2\" style=\"width: 262.00pt;\" width=\"524\">Pneu aspirant 300-10<\/td>\n<\/tr>\n<\/tbody>\n<\/table>\n<\/div>","protected":false},"excerpt":{"rendered":"<p>\u00c9quip\u00e9 d'un moteur \u00e0 haut rendement, il offre une puissance de sortie stable et puissante, offrant un d\u00e9marrage rapide et une forte capacit\u00e9 d'escalade. Combin\u00e9 \u00e0 un syst\u00e8me de batterie haute capacit\u00e9, il offre des performances de gamme fiables, r\u00e9pondant aux besoins des utilisateurs en mati\u00e8re de d\u00e9placements quotidiens et d'utilisation \u00e0 haute fr\u00e9quence.<\/p>","protected":false},"featured_media":390,"comment_status":"open","ping_status":"closed","template":"","meta":[],"product_brand":[],"product_cat":[24],"product_tag":[],"class_list":{"0":"post-389","1":"product","2":"type-product","3":"status-publish","4":"has-post-thumbnail","6":"product_cat-electric-motorcycles","8":"first","9":"instock","10":"shipping-taxable","11":"product-type-simple"},"_links":{"self":[{"href":"https:\/\/alcnewenergy.com\/fr\/wp-json\/wp\/v2\/product\/389","targetHints":{"allow":["GET"]}}],"collection":[{"href":"https:\/\/alcnewenergy.com\/fr\/wp-json\/wp\/v2\/product"}],"about":[{"href":"https:\/\/alcnewenergy.com\/fr\/wp-json\/wp\/v2\/types\/product"}],"replies":[{"embeddable":true,"href":"https:\/\/alcnewenergy.com\/fr\/wp-json\/wp\/v2\/comments?post=389"}],"wp:featuredmedia":[{"embeddable":true,"href":"https:\/\/alcnewenergy.com\/fr\/wp-json\/wp\/v2\/media\/390"}],"wp:attachment":[{"href":"https:\/\/alcnewenergy.com\/fr\/wp-json\/wp\/v2\/media?parent=389"}],"wp:term":[{"taxonomy":"product_brand","embeddable":true,"href":"https:\/\/alcnewenergy.com\/fr\/wp-json\/wp\/v2\/product_brand?post=389"},{"taxonomy":"product_cat","embeddable":true,"href":"https:\/\/alcnewenergy.com\/fr\/wp-json\/wp\/v2\/product_cat?post=389"},{"taxonomy":"product_tag","embeddable":true,"href":"https:\/\/alcnewenergy.com\/fr\/wp-json\/wp\/v2\/product_tag?post=389"}],"curies":[{"name":"WP","href":"https:\/\/api.w.org\/{rel}","templated":true}]}}