{"id":387,"date":"2026-02-26T05:23:51","date_gmt":"2026-02-26T05:23:51","guid":{"rendered":"https:\/\/alcnewenergy.com\/?post_type=product&#038;p=387"},"modified":"2026-03-04T03:47:17","modified_gmt":"2026-03-04T03:47:17","slug":"fengshen-electric-motorcycles","status":"publish","type":"product","link":"https:\/\/alcnewenergy.com\/fr\/product\/fengshen-electric-motorcycles\/","title":{"rendered":"Motos \u00e9lectriques Fengshen"},"content":{"rendered":"<p><strong>\u00b7<\/strong> Il est \u00e9quip\u00e9 d'un moteur \u00e0 haut rendement et d'une batterie longue port\u00e9e, combin\u00e9e \u00e0 un syst\u00e8me d'absorption des chocs de qualit\u00e9 professionnelle. Que ce soit pour les trajets urbains ou pour l'itin\u00e9rance d'un week-end, cela vous permet de voyager sans heurts tout le long.<br \/>\n<strong>\u00b7<\/strong> L'instrument LCD haute d\u00e9finition vous tient inform\u00e9 de l'\u00e9tat du v\u00e9hicule en temps r\u00e9el. Le corps rationalis\u00e9 allie une apparence agr\u00e9able et pratique, ce qui en fait un choix id\u00e9al pour les voyages en ville.<\/p>\n<div style=\"overflow-x: auto; width: 100%;\">\n<table style=\"width: 100%; border-collapse: collapse;\">\n<tbody>\n<tr style=\"height: 23.00pt;\">\n<td class=\"et2\" style=\"height: 23.00pt; width: 196.00pt;\" width=\"392\" height=\"46\">Dimensions globales (L \u00d7 W \u00d7 H)<\/td>\n<td class=\"et2\" style=\"width: 262.00pt;\" width=\"524\">1800 \u00d7 700 \u00d7 1100 mm<\/td>\n<\/tr>\n<tr style=\"height: 23.00pt;\">\n<td class=\"et2\" style=\"height: 23.00pt; width: 196.00pt;\" width=\"392\" height=\"46\">poids du v\u00e9hicule<\/td>\n<td class=\"et2\" style=\"width: 262.00pt;\" width=\"524\">200 kg<\/td>\n<\/tr>\n<tr style=\"height: 23.00pt;\">\n<td class=\"et2\" style=\"height: 23.00pt; width: 196.00pt;\" width=\"392\" height=\"46\">pile<\/td>\n<td class=\"et2\" style=\"width: 262.00pt;\" width=\"524\">48V \/ 60V 20Ah<\/td>\n<\/tr>\n<tr style=\"height: 23.00pt;\">\n<td class=\"et2\" style=\"height: 23.00pt; width: 196.00pt;\" width=\"392\" height=\"46\">puissance motrice<\/td>\n<td class=\"et2\" style=\"width: 262.00pt;\" width=\"524\">1500W<\/td>\n<\/tr>\n<tr style=\"height: 23.00pt;\">\n<td class=\"et2\" style=\"height: 23.00pt; width: 196.00pt;\" width=\"392\" height=\"46\">allure<\/td>\n<td class=\"et2\" style=\"width: 262.00pt;\" width=\"524\">Faible vitesse \u226415 km\/h ; vitesse \u00e9lev\u00e9e \u226460 km\/h<\/td>\n<\/tr>\n<tr style=\"height: 23.00pt;\">\n<td class=\"et2\" style=\"height: 23.00pt; width: 196.00pt;\" width=\"392\" height=\"46\">Taille des pneus<\/td>\n<td class=\"et2\" style=\"width: 262.00pt;\" width=\"524\">Pneu aspirant 300-10<\/td>\n<\/tr>\n<\/tbody>\n<\/table>\n<\/div>","protected":false},"excerpt":{"rendered":"<p>Il est \u00e9quip\u00e9 d'un moteur \u00e0 haut rendement et d'une batterie longue port\u00e9e, combin\u00e9e \u00e0 un syst\u00e8me d'absorption des chocs de qualit\u00e9 professionnelle. Que ce soit pour les trajets urbains ou pour l'itin\u00e9rance d'un week-end, cela vous permet de voyager sans heurts tout le long.<\/p>","protected":false},"featured_media":388,"comment_status":"open","ping_status":"closed","template":"","meta":[],"product_brand":[],"product_cat":[24],"product_tag":[],"class_list":{"0":"post-387","1":"product","2":"type-product","3":"status-publish","4":"has-post-thumbnail","6":"product_cat-electric-motorcycles","8":"first","9":"instock","10":"shipping-taxable","11":"product-type-simple"},"_links":{"self":[{"href":"https:\/\/alcnewenergy.com\/fr\/wp-json\/wp\/v2\/product\/387","targetHints":{"allow":["GET"]}}],"collection":[{"href":"https:\/\/alcnewenergy.com\/fr\/wp-json\/wp\/v2\/product"}],"about":[{"href":"https:\/\/alcnewenergy.com\/fr\/wp-json\/wp\/v2\/types\/product"}],"replies":[{"embeddable":true,"href":"https:\/\/alcnewenergy.com\/fr\/wp-json\/wp\/v2\/comments?post=387"}],"wp:featuredmedia":[{"embeddable":true,"href":"https:\/\/alcnewenergy.com\/fr\/wp-json\/wp\/v2\/media\/388"}],"wp:attachment":[{"href":"https:\/\/alcnewenergy.com\/fr\/wp-json\/wp\/v2\/media?parent=387"}],"wp:term":[{"taxonomy":"product_brand","embeddable":true,"href":"https:\/\/alcnewenergy.com\/fr\/wp-json\/wp\/v2\/product_brand?post=387"},{"taxonomy":"product_cat","embeddable":true,"href":"https:\/\/alcnewenergy.com\/fr\/wp-json\/wp\/v2\/product_cat?post=387"},{"taxonomy":"product_tag","embeddable":true,"href":"https:\/\/alcnewenergy.com\/fr\/wp-json\/wp\/v2\/product_tag?post=387"}],"curies":[{"name":"WP","href":"https:\/\/api.w.org\/{rel}","templated":true}]}}