{"id":381,"date":"2026-02-26T05:16:10","date_gmt":"2026-02-26T05:16:10","guid":{"rendered":"https:\/\/alcnewenergy.com\/?post_type=product&#038;p=381"},"modified":"2026-03-04T03:47:31","modified_gmt":"2026-03-04T03:47:31","slug":"v6-electric-motorcycles","status":"publish","type":"product","link":"https:\/\/alcnewenergy.com\/fr\/product\/v6-electric-motorcycles\/","title":{"rendered":"V6 motos \u00e9lectriques"},"content":{"rendered":"<p>Il convient \u00e0 des sc\u00e9narios tels que les trajets quotidiens et les d\u00e9placements \u00e0 courte distance.<br \/>\n\u00c9quip\u00e9 d'une selle confortable et d'un petit d\u00e9flecteur de vent, il est facile et flexible \u00e0 manipuler, avec une puissance de sortie fluide et une autonomie fiable, \u00e9quilibrant la fonctionnalit\u00e9.<\/p>\n<div style=\"overflow-x: auto; width: 100%;\">\n<table style=\"width: 100%; border-collapse: collapse;\">\n<tbody>\n<tr style=\"height: 20.00pt;\">\n<td class=\"et2\" style=\"height: 20.00pt; width: 196.00pt;\" width=\"392\" height=\"40\">Dimensions globales (L \u00d7 W \u00d7 H)<\/td>\n<td class=\"et2\" style=\"width: 262.00pt;\" width=\"524\">1410 \u00d7 310 \u00d7 850 mm<\/td>\n<\/tr>\n<tr style=\"height: 20.00pt;\">\n<td class=\"et2\" style=\"height: 20.00pt; width: 196.00pt;\" width=\"392\" height=\"40\">poids du v\u00e9hicule<\/td>\n<td class=\"et2\" style=\"width: 262.00pt;\" width=\"524\">200 kg<\/td>\n<\/tr>\n<tr style=\"height: 20.00pt;\">\n<td class=\"et2\" style=\"height: 20.00pt; width: 196.00pt;\" width=\"392\" height=\"40\">pile<\/td>\n<td class=\"et2\" style=\"width: 262.00pt;\" width=\"524\">48V \/ 60V 20Ah<\/td>\n<\/tr>\n<tr style=\"height: 20.00pt;\">\n<td class=\"et2\" style=\"height: 20.00pt; width: 196.00pt;\" width=\"392\" height=\"40\">puissance motrice<\/td>\n<td class=\"et2\" style=\"width: 262.00pt;\" width=\"524\">800W<\/td>\n<\/tr>\n<tr style=\"height: 20.00pt;\">\n<td class=\"et2\" style=\"height: 20.00pt; width: 196.00pt;\" width=\"392\" height=\"40\">allure<\/td>\n<td class=\"et2\" style=\"width: 262.00pt;\" width=\"524\">Faible vitesse \u226415 km\/h ; vitesse \u00e9lev\u00e9e \u226460 km\/h<\/td>\n<\/tr>\n<tr style=\"height: 20.00pt;\">\n<td class=\"et2\" style=\"height: 20.00pt; width: 196.00pt;\" width=\"392\" height=\"40\">Taille des pneus<\/td>\n<td class=\"et2\" style=\"width: 262.00pt;\" width=\"524\">Pneu aspirant 300-10<\/td>\n<\/tr>\n<\/tbody>\n<\/table>\n<\/div>","protected":false},"excerpt":{"rendered":"<p>Il convient \u00e0 des sc\u00e9narios tels que les trajets quotidiens et les d\u00e9placements \u00e0 courte distance. \u00c9quip\u00e9 d'une selle confortable et d'un petit d\u00e9flecteur de vent, il est facile et flexible \u00e0 manipuler, avec une puissance de sortie fluide et une autonomie fiable, \u00e9quilibrant la fonctionnalit\u00e9.<\/p>","protected":false},"featured_media":382,"comment_status":"open","ping_status":"closed","template":"","meta":[],"product_brand":[],"product_cat":[24],"product_tag":[],"class_list":{"0":"post-381","1":"product","2":"type-product","3":"status-publish","4":"has-post-thumbnail","6":"product_cat-electric-motorcycles","8":"first","9":"instock","10":"shipping-taxable","11":"product-type-simple"},"_links":{"self":[{"href":"https:\/\/alcnewenergy.com\/fr\/wp-json\/wp\/v2\/product\/381","targetHints":{"allow":["GET"]}}],"collection":[{"href":"https:\/\/alcnewenergy.com\/fr\/wp-json\/wp\/v2\/product"}],"about":[{"href":"https:\/\/alcnewenergy.com\/fr\/wp-json\/wp\/v2\/types\/product"}],"replies":[{"embeddable":true,"href":"https:\/\/alcnewenergy.com\/fr\/wp-json\/wp\/v2\/comments?post=381"}],"wp:featuredmedia":[{"embeddable":true,"href":"https:\/\/alcnewenergy.com\/fr\/wp-json\/wp\/v2\/media\/382"}],"wp:attachment":[{"href":"https:\/\/alcnewenergy.com\/fr\/wp-json\/wp\/v2\/media?parent=381"}],"wp:term":[{"taxonomy":"product_brand","embeddable":true,"href":"https:\/\/alcnewenergy.com\/fr\/wp-json\/wp\/v2\/product_brand?post=381"},{"taxonomy":"product_cat","embeddable":true,"href":"https:\/\/alcnewenergy.com\/fr\/wp-json\/wp\/v2\/product_cat?post=381"},{"taxonomy":"product_tag","embeddable":true,"href":"https:\/\/alcnewenergy.com\/fr\/wp-json\/wp\/v2\/product_tag?post=381"}],"curies":[{"name":"WP","href":"https:\/\/api.w.org\/{rel}","templated":true}]}}