{"id":379,"date":"2026-02-26T05:12:55","date_gmt":"2026-02-26T05:12:55","guid":{"rendered":"https:\/\/alcnewenergy.com\/?post_type=product&#038;p=379"},"modified":"2026-02-26T05:12:55","modified_gmt":"2026-02-26T05:12:55","slug":"h2-retro-electric-scooters","status":"publish","type":"product","link":"https:\/\/alcnewenergy.com\/fr\/product\/h2-retro-electric-scooters\/","title":{"rendered":"H2 Scooters \u00e9lectriques r\u00e9tro"},"content":{"rendered":"<p><strong>\u00b7<\/strong> H2 V\u00e9lo \u00e9lectrique conquiert facilement les routes enneig\u00e9es, sablonneuses et boueuses.<br \/>\n<strong>\u00b7<\/strong> Son moteur \u00e0 haute efficacit\u00e9 offre une puissance \u00e9lev\u00e9e et une dur\u00e9e de vie stable de la batterie, tandis que le cadre en acier \u00e0 haute teneur en carbone est \u00e0 la fois robuste et l\u00e9ger.<br \/>\n<strong>\u00b7<\/strong> Que ce soit pour les trajets quotidiens ou les aventures en plein air, cela peut vous apporter une exp\u00e9rience de conduite confortable et s\u00e9curis\u00e9e.<\/p>\n<div style=\"overflow-x: auto; width: 100%;\">\n<table style=\"width: 100%; border-collapse: collapse;\">\n<tbody>\n<tr style=\"height: 22.00pt;\">\n<td class=\"et2\" style=\"height: 22.00pt; width: 196.00pt;\" width=\"392\" height=\"44\">Dimensions globales (L \u00d7 W \u00d7 H)<\/td>\n<td class=\"et2\" style=\"width: 262.00pt;\" width=\"524\">1410 \u00d7 310 \u00d7 850 mm<\/td>\n<\/tr>\n<tr style=\"height: 22.00pt;\">\n<td class=\"et2\" style=\"height: 22.00pt; width: 196.00pt;\" width=\"392\" height=\"44\">poids du v\u00e9hicule<\/td>\n<td class=\"et2\" style=\"width: 262.00pt;\" width=\"524\">38 kg<\/td>\n<\/tr>\n<tr style=\"height: 22.00pt;\">\n<td class=\"et2\" style=\"height: 22.00pt; width: 196.00pt;\" width=\"392\" height=\"44\">pile<\/td>\n<td class=\"et2\" style=\"width: 262.00pt;\" width=\"524\">48V 15Ah<\/td>\n<\/tr>\n<tr style=\"height: 22.00pt;\">\n<td class=\"et2\" style=\"height: 22.00pt; width: 196.00pt;\" width=\"392\" height=\"44\">puissance motrice<\/td>\n<td class=\"et2\" style=\"width: 262.00pt;\" width=\"524\">500w<\/td>\n<\/tr>\n<tr style=\"height: 22.00pt;\">\n<td class=\"et2\" style=\"height: 22.00pt; width: 196.00pt;\" width=\"392\" height=\"44\">allure<\/td>\n<td class=\"et2\" style=\"width: 262.00pt;\" width=\"524\">Faible vitesse \u226415 km\/h ; vitesse \u00e9lev\u00e9e \u226460 km\/h<\/td>\n<\/tr>\n<tr style=\"height: 22.00pt;\">\n<td class=\"et2\" style=\"height: 22.00pt; width: 196.00pt;\" width=\"392\" height=\"44\">Taille des pneus<\/td>\n<td class=\"et2\" style=\"width: 262.00pt;\" width=\"524\">Pneu neige 18 pouces 4,0<\/td>\n<\/tr>\n<\/tbody>\n<\/table>\n<\/div>","protected":false},"excerpt":{"rendered":"<p>Son moteur \u00e0 haute efficacit\u00e9 offre une puissance \u00e9lev\u00e9e et une dur\u00e9e de vie stable de la batterie, tandis que le cadre en acier \u00e0 haute teneur en carbone est \u00e0 la fois robuste et l\u00e9ger. Que ce soit pour les trajets quotidiens ou les aventures en plein air, cela peut vous apporter une exp\u00e9rience de conduite confortable et s\u00e9curis\u00e9e.<\/p>","protected":false},"featured_media":380,"comment_status":"open","ping_status":"closed","template":"","meta":[],"product_brand":[],"product_cat":[23],"product_tag":[],"class_list":{"0":"post-379","1":"product","2":"type-product","3":"status-publish","4":"has-post-thumbnail","6":"product_cat-retro-electric-scooters","8":"first","9":"instock","10":"shipping-taxable","11":"product-type-simple"},"_links":{"self":[{"href":"https:\/\/alcnewenergy.com\/fr\/wp-json\/wp\/v2\/product\/379","targetHints":{"allow":["GET"]}}],"collection":[{"href":"https:\/\/alcnewenergy.com\/fr\/wp-json\/wp\/v2\/product"}],"about":[{"href":"https:\/\/alcnewenergy.com\/fr\/wp-json\/wp\/v2\/types\/product"}],"replies":[{"embeddable":true,"href":"https:\/\/alcnewenergy.com\/fr\/wp-json\/wp\/v2\/comments?post=379"}],"wp:featuredmedia":[{"embeddable":true,"href":"https:\/\/alcnewenergy.com\/fr\/wp-json\/wp\/v2\/media\/380"}],"wp:attachment":[{"href":"https:\/\/alcnewenergy.com\/fr\/wp-json\/wp\/v2\/media?parent=379"}],"wp:term":[{"taxonomy":"product_brand","embeddable":true,"href":"https:\/\/alcnewenergy.com\/fr\/wp-json\/wp\/v2\/product_brand?post=379"},{"taxonomy":"product_cat","embeddable":true,"href":"https:\/\/alcnewenergy.com\/fr\/wp-json\/wp\/v2\/product_cat?post=379"},{"taxonomy":"product_tag","embeddable":true,"href":"https:\/\/alcnewenergy.com\/fr\/wp-json\/wp\/v2\/product_tag?post=379"}],"curies":[{"name":"WP","href":"https:\/\/api.w.org\/{rel}","templated":true}]}}