{"id":377,"date":"2026-02-26T05:09:32","date_gmt":"2026-02-26T05:09:32","guid":{"rendered":"https:\/\/alcnewenergy.com\/?post_type=product&#038;p=377"},"modified":"2026-02-26T05:09:32","modified_gmt":"2026-02-26T05:09:32","slug":"h1-retro-electric-scooters","status":"publish","type":"product","link":"https:\/\/alcnewenergy.com\/fr\/product\/h1-retro-electric-scooters\/","title":{"rendered":"H1 Scooters \u00e9lectriques r\u00e9tro"},"content":{"rendered":"<p><strong>\u00b7<\/strong> Le H1 est dot\u00e9 d'un cadre r\u00e9tro rationalis\u00e9.<br \/>\n<strong>\u00b7<\/strong> Les pneus neige 18 pouces 4,0 offrent une adh\u00e9rence maximale, assurant un mouvement stable sur la neige et le sable.<br \/>\n<strong>\u00b7<\/strong> \u00c9quip\u00e9 d'un moteur \u00e0 haut rendement de 500 W et d'une batterie de 48 V, il offre une puissance suffisante et une port\u00e9e stable.<br \/>\n<strong>\u00b7<\/strong> Les freins \u00e0 disque \u00e9paissies et une fourche avant \u00e9largie assurent la s\u00e9curit\u00e9, tandis que les deux modes de conduite et le tableau de bord LCD sont pratiques et conviviales.<\/p>\n<div style=\"overflow-x: auto; width: 100%;\">\n<table style=\"width: 100%; border-collapse: collapse;\">\n<tbody>\n<tr style=\"height: 19.00pt;\">\n<td class=\"et2\" style=\"height: 19.00pt; width: 196.00pt;\" width=\"392\" height=\"38\">Dimensions globales (L \u00d7 W \u00d7 H)<\/td>\n<td class=\"et2\" style=\"width: 262.00pt;\" width=\"524\">1410 \u00d7 310 \u00d7 850 mm<\/td>\n<\/tr>\n<tr style=\"height: 19.00pt;\">\n<td class=\"et2\" style=\"height: 19.00pt; width: 196.00pt;\" width=\"392\" height=\"38\">poids du v\u00e9hicule<\/td>\n<td class=\"et2\" style=\"width: 262.00pt;\" width=\"524\">39 kg<\/td>\n<\/tr>\n<tr style=\"height: 19.00pt;\">\n<td class=\"et2\" style=\"height: 19.00pt; width: 196.00pt;\" width=\"392\" height=\"38\">pile<\/td>\n<td class=\"et2\" style=\"width: 262.00pt;\" width=\"524\">48V 15Ah<\/td>\n<\/tr>\n<tr style=\"height: 19.00pt;\">\n<td class=\"et2\" style=\"height: 19.00pt; width: 196.00pt;\" width=\"392\" height=\"38\">puissance motrice<\/td>\n<td class=\"et2\" style=\"width: 262.00pt;\" width=\"524\">500w<\/td>\n<\/tr>\n<tr style=\"height: 19.00pt;\">\n<td class=\"et2\" style=\"height: 19.00pt; width: 196.00pt;\" width=\"392\" height=\"38\">allure<\/td>\n<td class=\"et2\" style=\"width: 262.00pt;\" width=\"524\">Faible vitesse \u226415 km\/h ; vitesse \u00e9lev\u00e9e \u226460 km\/h<\/td>\n<\/tr>\n<tr style=\"height: 19.00pt;\">\n<td class=\"et2\" style=\"height: 19.00pt; width: 196.00pt;\" width=\"392\" height=\"38\">Taille des pneus<\/td>\n<td class=\"et2\" style=\"width: 262.00pt;\" width=\"524\">Pneu neige 18 pouces 4,0<\/td>\n<\/tr>\n<\/tbody>\n<\/table>\n<\/div>","protected":false},"excerpt":{"rendered":"<p>Les pneus neige 18 pouces 4,0 offrent une adh\u00e9rence maximale, assurant un mouvement stable sur la neige et le sable. \u00c9quip\u00e9 d'un moteur \u00e0 haut rendement de 500 W et d'une batterie de 48 V, il offre une puissance suffisante et une port\u00e9e stable.<\/p>","protected":false},"featured_media":378,"comment_status":"open","ping_status":"closed","template":"","meta":[],"product_brand":[],"product_cat":[23],"product_tag":[],"class_list":{"0":"post-377","1":"product","2":"type-product","3":"status-publish","4":"has-post-thumbnail","6":"product_cat-retro-electric-scooters","8":"first","9":"instock","10":"shipping-taxable","11":"product-type-simple"},"_links":{"self":[{"href":"https:\/\/alcnewenergy.com\/fr\/wp-json\/wp\/v2\/product\/377","targetHints":{"allow":["GET"]}}],"collection":[{"href":"https:\/\/alcnewenergy.com\/fr\/wp-json\/wp\/v2\/product"}],"about":[{"href":"https:\/\/alcnewenergy.com\/fr\/wp-json\/wp\/v2\/types\/product"}],"replies":[{"embeddable":true,"href":"https:\/\/alcnewenergy.com\/fr\/wp-json\/wp\/v2\/comments?post=377"}],"wp:featuredmedia":[{"embeddable":true,"href":"https:\/\/alcnewenergy.com\/fr\/wp-json\/wp\/v2\/media\/378"}],"wp:attachment":[{"href":"https:\/\/alcnewenergy.com\/fr\/wp-json\/wp\/v2\/media?parent=377"}],"wp:term":[{"taxonomy":"product_brand","embeddable":true,"href":"https:\/\/alcnewenergy.com\/fr\/wp-json\/wp\/v2\/product_brand?post=377"},{"taxonomy":"product_cat","embeddable":true,"href":"https:\/\/alcnewenergy.com\/fr\/wp-json\/wp\/v2\/product_cat?post=377"},{"taxonomy":"product_tag","embeddable":true,"href":"https:\/\/alcnewenergy.com\/fr\/wp-json\/wp\/v2\/product_tag?post=377"}],"curies":[{"name":"WP","href":"https:\/\/api.w.org\/{rel}","templated":true}]}}