{"id":375,"date":"2026-02-26T05:05:50","date_gmt":"2026-02-26T05:05:50","guid":{"rendered":"https:\/\/alcnewenergy.com\/?post_type=product&#038;p=375"},"modified":"2026-03-04T03:47:40","modified_gmt":"2026-03-04T03:47:40","slug":"solar-cargo-tricycle","status":"publish","type":"product","link":"https:\/\/alcnewenergy.com\/fr\/product\/solar-cargo-tricycle\/","title":{"rendered":"Tricycle de cargaison solaire"},"content":{"rendered":"<p>Il s'agit d'un tricycle cargo \u00e9quip\u00e9 de panneaux solaires, dot\u00e9 d'une structure de carrosserie simple et pratique.<br \/>\nLes panneaux solaires install\u00e9s sur celui-ci peuvent aider \u00e0 l'alimentation \u00e9lectrique, r\u00e9duisant ainsi les co\u00fbts d'\u00e9lectricit\u00e9 dans les livraisons quotidiennes \u00e0 courte distance et les op\u00e9rations de d\u00e9crochage.<\/p>\n<div style=\"overflow-x: auto; width: 100%;\">\n<table style=\"width: 100%; border-collapse: collapse;\">\n<tbody>\n<tr style=\"height: 19.00pt;\">\n<td class=\"et2\" style=\"height: 19.00pt; width: 196.00pt;\" width=\"392\" height=\"38\">Dimensions du chariot (L \u00d7 W \u00d7 H)<\/td>\n<td class=\"et2\" style=\"width: 262.00pt;\" width=\"524\">1800 \u00d7 1300 \u00d7 1645 mm<\/td>\n<\/tr>\n<tr style=\"height: 19.00pt;\">\n<td class=\"et2\" style=\"height: 19.00pt; width: 196.00pt;\" width=\"392\" height=\"38\">poids du v\u00e9hicule<\/td>\n<td class=\"et2\" style=\"width: 262.00pt;\" width=\"524\">360 kg<\/td>\n<\/tr>\n<tr style=\"height: 19.00pt;\">\n<td class=\"et2\" style=\"height: 19.00pt; width: 196.00pt;\" width=\"392\" height=\"38\">pile<\/td>\n<td class=\"et2\" style=\"width: 262.00pt;\" width=\"524\">72V 58Ah<\/td>\n<\/tr>\n<tr style=\"height: 19.00pt;\">\n<td class=\"et2\" style=\"height: 19.00pt; width: 196.00pt;\" width=\"392\" height=\"38\">puissance motrice<\/td>\n<td class=\"et2\" style=\"width: 262.00pt;\" width=\"524\">2000W \/ 2500W \/ 3000W<\/td>\n<\/tr>\n<tr style=\"height: 19.00pt;\">\n<td class=\"et2\" style=\"height: 19.00pt; width: 196.00pt;\" width=\"392\" height=\"38\">allure<\/td>\n<td class=\"et2\" style=\"width: 262.00pt;\" width=\"524\">Faible vitesse \u226415 km\/h ; vitesse \u00e9lev\u00e9e \u226440 km\/h<\/td>\n<\/tr>\n<tr style=\"height: 19.00pt;\">\n<td class=\"et2\" style=\"height: 19.00pt; width: 196.00pt;\" width=\"392\" height=\"38\">Taille des pneus<\/td>\n<td class=\"et2\" style=\"width: 262.00pt;\" width=\"524\">Avant : 500-12 \/ Arri\u00e8re : 500-12<\/td>\n<\/tr>\n<\/tbody>\n<\/table>\n<\/div>","protected":false},"excerpt":{"rendered":"<p>Il s'agit d'un tricycle cargo \u00e9quip\u00e9 de panneaux solaires, dot\u00e9 d'une structure de carrosserie simple et pratique. Les panneaux solaires install\u00e9s sur celui-ci peuvent aider \u00e0 l'alimentation \u00e9lectrique, r\u00e9duisant ainsi les co\u00fbts d'\u00e9lectricit\u00e9 dans les livraisons quotidiennes \u00e0 courte distance et les op\u00e9rations de d\u00e9crochage.<\/p>","protected":false},"featured_media":376,"comment_status":"open","ping_status":"closed","template":"","meta":[],"product_brand":[],"product_cat":[22],"product_tag":[],"class_list":{"0":"post-375","1":"product","2":"type-product","3":"status-publish","4":"has-post-thumbnail","6":"product_cat-cargo-tricycle","8":"first","9":"instock","10":"shipping-taxable","11":"product-type-simple"},"_links":{"self":[{"href":"https:\/\/alcnewenergy.com\/fr\/wp-json\/wp\/v2\/product\/375","targetHints":{"allow":["GET"]}}],"collection":[{"href":"https:\/\/alcnewenergy.com\/fr\/wp-json\/wp\/v2\/product"}],"about":[{"href":"https:\/\/alcnewenergy.com\/fr\/wp-json\/wp\/v2\/types\/product"}],"replies":[{"embeddable":true,"href":"https:\/\/alcnewenergy.com\/fr\/wp-json\/wp\/v2\/comments?post=375"}],"wp:featuredmedia":[{"embeddable":true,"href":"https:\/\/alcnewenergy.com\/fr\/wp-json\/wp\/v2\/media\/376"}],"wp:attachment":[{"href":"https:\/\/alcnewenergy.com\/fr\/wp-json\/wp\/v2\/media?parent=375"}],"wp:term":[{"taxonomy":"product_brand","embeddable":true,"href":"https:\/\/alcnewenergy.com\/fr\/wp-json\/wp\/v2\/product_brand?post=375"},{"taxonomy":"product_cat","embeddable":true,"href":"https:\/\/alcnewenergy.com\/fr\/wp-json\/wp\/v2\/product_cat?post=375"},{"taxonomy":"product_tag","embeddable":true,"href":"https:\/\/alcnewenergy.com\/fr\/wp-json\/wp\/v2\/product_tag?post=375"}],"curies":[{"name":"WP","href":"https:\/\/api.w.org\/{rel}","templated":true}]}}