{"id":373,"date":"2026-02-26T05:04:34","date_gmt":"2026-02-26T05:04:34","guid":{"rendered":"https:\/\/alcnewenergy.com\/?post_type=product&#038;p=373"},"modified":"2026-03-04T03:47:46","modified_gmt":"2026-03-04T03:47:46","slug":"zhanjian-cargo-tricycle","status":"publish","type":"product","link":"https:\/\/alcnewenergy.com\/fr\/product\/zhanjian-cargo-tricycle\/","title":{"rendered":"Tricycle cargo Zhanjian"},"content":{"rendered":"<p>Ce tricycle cargo \u00e9lectrique durable se distingue par sa verri\u00e8re pratique et r\u00e9sistante aux intemp\u00e9ries, votre bouclier parfait contre le soleil intense de l'Afrique, une pluie soudaine.<br \/>\nLa canop\u00e9e vous permet de rester \u00e0 l'aise et concentr\u00e9 sur la route, que vous fassiez des livraisons dans la ville ou que vous transportiez des marchandises \u00e0 travers les zones rurales.<\/p>\n<div style=\"overflow-x: auto; width: 100%;\">\n<table style=\"width: 100%; border-collapse: collapse;\">\n<tbody>\n<tr style=\"height: 23.00pt;\">\n<td class=\"et2\" style=\"height: 23.00pt; width: 196.00pt;\" width=\"392\" height=\"46\">Dimensions globales (L \u00d7 W \u00d7 H)<\/td>\n<td class=\"et2\" style=\"width: 262.00pt;\" width=\"524\">3295 \u00d7 1299 \u00d7 1900 mm<\/td>\n<\/tr>\n<tr style=\"height: 23.00pt;\">\n<td class=\"et2\" style=\"height: 23.00pt; width: 196.00pt;\" width=\"392\" height=\"46\">poids du v\u00e9hicule<\/td>\n<td class=\"et2\" style=\"width: 262.00pt;\" width=\"524\">300 kg<\/td>\n<\/tr>\n<tr style=\"height: 23.00pt;\">\n<td class=\"et2\" style=\"height: 23.00pt; width: 196.00pt;\" width=\"392\" height=\"46\">pile<\/td>\n<td class=\"et2\" style=\"width: 262.00pt;\" width=\"524\">72V 58Ah<\/td>\n<\/tr>\n<tr style=\"height: 23.00pt;\">\n<td class=\"et2\" style=\"height: 23.00pt; width: 196.00pt;\" width=\"392\" height=\"46\">puissance motrice<\/td>\n<td class=\"et2\" style=\"width: 262.00pt;\" width=\"524\">1500W \/ 2000W \/ 2500W \/ 3000W<\/td>\n<\/tr>\n<tr style=\"height: 23.00pt;\">\n<td class=\"et2\" style=\"height: 23.00pt; width: 196.00pt;\" width=\"392\" height=\"46\">allure<\/td>\n<td class=\"et2\" style=\"width: 262.00pt;\" width=\"524\">Faible vitesse \u226415 km\/h ; vitesse \u00e9lev\u00e9e \u226460 km\/h<\/td>\n<\/tr>\n<tr style=\"height: 23.00pt;\">\n<td class=\"et2\" style=\"height: 23.00pt; width: 196.00pt;\" width=\"392\" height=\"46\">Taille des pneus<\/td>\n<td class=\"et2\" style=\"width: 262.00pt;\" width=\"524\">Avant : 400-12 \/ Arri\u00e8re : 450-12<\/td>\n<\/tr>\n<\/tbody>\n<\/table>\n<\/div>","protected":false},"excerpt":{"rendered":"<p>Ce tricycle cargo \u00e9lectrique durable se distingue par sa verri\u00e8re pratique et r\u00e9sistante aux intemp\u00e9ries, votre bouclier parfait contre le soleil intense de l'Afrique, une pluie soudaine. La canop\u00e9e vous permet de rester \u00e0 l'aise et concentr\u00e9 sur la route, que vous fassiez des livraisons dans la ville ou que vous transportiez des marchandises \u00e0 travers les zones rurales.<\/p>","protected":false},"featured_media":374,"comment_status":"open","ping_status":"closed","template":"","meta":[],"product_brand":[],"product_cat":[22],"product_tag":[],"class_list":{"0":"post-373","1":"product","2":"type-product","3":"status-publish","4":"has-post-thumbnail","6":"product_cat-cargo-tricycle","8":"first","9":"instock","10":"shipping-taxable","11":"product-type-simple"},"_links":{"self":[{"href":"https:\/\/alcnewenergy.com\/fr\/wp-json\/wp\/v2\/product\/373","targetHints":{"allow":["GET"]}}],"collection":[{"href":"https:\/\/alcnewenergy.com\/fr\/wp-json\/wp\/v2\/product"}],"about":[{"href":"https:\/\/alcnewenergy.com\/fr\/wp-json\/wp\/v2\/types\/product"}],"replies":[{"embeddable":true,"href":"https:\/\/alcnewenergy.com\/fr\/wp-json\/wp\/v2\/comments?post=373"}],"wp:featuredmedia":[{"embeddable":true,"href":"https:\/\/alcnewenergy.com\/fr\/wp-json\/wp\/v2\/media\/374"}],"wp:attachment":[{"href":"https:\/\/alcnewenergy.com\/fr\/wp-json\/wp\/v2\/media?parent=373"}],"wp:term":[{"taxonomy":"product_brand","embeddable":true,"href":"https:\/\/alcnewenergy.com\/fr\/wp-json\/wp\/v2\/product_brand?post=373"},{"taxonomy":"product_cat","embeddable":true,"href":"https:\/\/alcnewenergy.com\/fr\/wp-json\/wp\/v2\/product_cat?post=373"},{"taxonomy":"product_tag","embeddable":true,"href":"https:\/\/alcnewenergy.com\/fr\/wp-json\/wp\/v2\/product_tag?post=373"}],"curies":[{"name":"WP","href":"https:\/\/api.w.org\/{rel}","templated":true}]}}