{"id":368,"date":"2026-02-26T03:47:22","date_gmt":"2026-02-26T03:47:22","guid":{"rendered":"https:\/\/alcnewenergy.com\/?post_type=product&#038;p=368"},"modified":"2026-03-04T03:47:52","modified_gmt":"2026-03-04T03:47:52","slug":"huojianpao-cargo-tricycle","status":"publish","type":"product","link":"https:\/\/alcnewenergy.com\/fr\/product\/huojianpao-cargo-tricycle\/","title":{"rendered":"Tricycle cargo Huojianpao"},"content":{"rendered":"<p><strong>\u00b7<\/strong> Aliment\u00e9 par l'\u00e9lectricit\u00e9, il \u00e9limine les co\u00fbts \u00e9lev\u00e9s de l'essence, ce qui maintient vos d\u00e9penses de fonctionnement quotidiennes extr\u00eamement faibles.<br \/>\n<strong>\u00b7<\/strong> Les pneus tout-terrain durables et les commandes simples et conviviales garantissent des performances fiables m\u00eame sur des surfaces rugueuses, tandis que sa conception pratique est con\u00e7ue pour r\u00e9sister \u00e0 une utilisation quotidienne.<br \/>\n<strong>\u00b7<\/strong> C'est votre partenaire travailleur pour d\u00e9velopper votre entreprise et d\u00e9placer des biens efficacement sur n'importe quel terrain.<\/p>\n<div style=\"overflow-x: auto; width: 100%;\">\n<table style=\"width: 100%; border-collapse: collapse;\">\n<tbody>\n<tr style=\"height: 24.00pt;\">\n<td class=\"et2\" style=\"height: 24.00pt; width: 196.00pt;\" width=\"392\" height=\"48\">Dimensions globales (L \u00d7 W \u00d7 H)<\/td>\n<td class=\"et2\" style=\"width: 262.00pt;\" width=\"524\">3300 \u00d7 1299 \u00d7 1460 mm<\/td>\n<\/tr>\n<tr style=\"height: 24.00pt;\">\n<td class=\"et2\" style=\"height: 24.00pt; width: 196.00pt;\" width=\"392\" height=\"48\">poids du v\u00e9hicule<\/td>\n<td class=\"et2\" style=\"width: 262.00pt;\" width=\"524\">300 kg<\/td>\n<\/tr>\n<tr style=\"height: 24.00pt;\">\n<td class=\"et2\" style=\"height: 24.00pt; width: 196.00pt;\" width=\"392\" height=\"48\">pile<\/td>\n<td class=\"et2\" style=\"width: 262.00pt;\" width=\"524\">72V 58Ah<\/td>\n<\/tr>\n<tr style=\"height: 24.00pt;\">\n<td class=\"et2\" style=\"height: 24.00pt; width: 196.00pt;\" width=\"392\" height=\"48\">puissance motrice<\/td>\n<td class=\"et2\" style=\"width: 262.00pt;\" width=\"524\">1500W \/ 2000W \/ 2500W \/ 3000W<\/td>\n<\/tr>\n<tr style=\"height: 24.00pt;\">\n<td class=\"et2\" style=\"height: 24.00pt; width: 196.00pt;\" width=\"392\" height=\"48\">allure<\/td>\n<td class=\"et2\" style=\"width: 262.00pt;\" width=\"524\">Faible vitesse \u226415 km\/h ; vitesse \u00e9lev\u00e9e \u226460 km\/h<\/td>\n<\/tr>\n<tr style=\"height: 24.00pt;\">\n<td class=\"et2\" style=\"height: 24.00pt; width: 196.00pt;\" width=\"392\" height=\"48\">Taille des pneus<\/td>\n<td class=\"et2\" style=\"width: 262.00pt;\" width=\"524\">Avant : 450-12 \/ Arri\u00e8re : 500-12<\/td>\n<\/tr>\n<\/tbody>\n<\/table>\n<\/div>","protected":false},"excerpt":{"rendered":"<p>Aliment\u00e9 par l'\u00e9lectricit\u00e9, il \u00e9limine les co\u00fbts \u00e9lev\u00e9s de l'essence, ce qui maintient vos d\u00e9penses de fonctionnement quotidiennes extr\u00eamement faibles. Les pneus tout-terrain durables et les commandes simples et conviviales garantissent des performances fiables m\u00eame sur des surfaces rugueuses, tandis que sa conception pratique est con\u00e7ue pour r\u00e9sister \u00e0 une utilisation quotidienne.<\/p>","protected":false},"featured_media":369,"comment_status":"open","ping_status":"closed","template":"","meta":[],"product_brand":[],"product_cat":[22],"product_tag":[],"class_list":{"0":"post-368","1":"product","2":"type-product","3":"status-publish","4":"has-post-thumbnail","6":"product_cat-cargo-tricycle","8":"first","9":"instock","10":"shipping-taxable","11":"product-type-simple"},"_links":{"self":[{"href":"https:\/\/alcnewenergy.com\/fr\/wp-json\/wp\/v2\/product\/368","targetHints":{"allow":["GET"]}}],"collection":[{"href":"https:\/\/alcnewenergy.com\/fr\/wp-json\/wp\/v2\/product"}],"about":[{"href":"https:\/\/alcnewenergy.com\/fr\/wp-json\/wp\/v2\/types\/product"}],"replies":[{"embeddable":true,"href":"https:\/\/alcnewenergy.com\/fr\/wp-json\/wp\/v2\/comments?post=368"}],"wp:featuredmedia":[{"embeddable":true,"href":"https:\/\/alcnewenergy.com\/fr\/wp-json\/wp\/v2\/media\/369"}],"wp:attachment":[{"href":"https:\/\/alcnewenergy.com\/fr\/wp-json\/wp\/v2\/media?parent=368"}],"wp:term":[{"taxonomy":"product_brand","embeddable":true,"href":"https:\/\/alcnewenergy.com\/fr\/wp-json\/wp\/v2\/product_brand?post=368"},{"taxonomy":"product_cat","embeddable":true,"href":"https:\/\/alcnewenergy.com\/fr\/wp-json\/wp\/v2\/product_cat?post=368"},{"taxonomy":"product_tag","embeddable":true,"href":"https:\/\/alcnewenergy.com\/fr\/wp-json\/wp\/v2\/product_tag?post=368"}],"curies":[{"name":"WP","href":"https:\/\/api.w.org\/{rel}","templated":true}]}}