{"id":364,"date":"2026-02-26T03:17:38","date_gmt":"2026-02-26T03:17:38","guid":{"rendered":"https:\/\/alcnewenergy.com\/?post_type=product&#038;p=364"},"modified":"2026-03-04T03:48:04","modified_gmt":"2026-03-04T03:48:04","slug":"jingangpao-cargo-tricycle","status":"publish","type":"product","link":"https:\/\/alcnewenergy.com\/fr\/product\/jingangpao-cargo-tricycle\/","title":{"rendered":"Tricycle cargo Jingangao"},"content":{"rendered":"<p>Ce trois-roues est dot\u00e9 d'une v\u00e9rification automatique vocale, d'un freinage combin\u00e9 et de phares lumineux pour une s\u00e9curit\u00e9 totale.<br \/>\n\u00c9quip\u00e9 d'un tableau de bord num\u00e9rique et d'un essieu arri\u00e8re \u00e0 suspension int\u00e9grale, il offre un affichage clair des donn\u00e9es et une conduite fluide, m\u00eame sur des routes difficiles, id\u00e9ales pour les marchandises et les d\u00e9placements quotidiens\u00a0!<\/p>\n<div style=\"overflow-x: auto; width: 100%;\">\n<table style=\"width: 100%; border-collapse: collapse;\">\n<tbody>\n<tr style=\"height: 23.00pt;\">\n<td class=\"et2\" style=\"height: 23.00pt; width: 196.00pt;\" width=\"392\" height=\"46\">Dimensions globales (L \u00d7 W \u00d7 H)<\/td>\n<td class=\"et2\" style=\"width: 262.00pt;\" width=\"524\">3295 \u00d7 1370 \u00d7 1520 mm<\/td>\n<\/tr>\n<tr style=\"height: 23.00pt;\">\n<td class=\"et2\" style=\"height: 23.00pt; width: 196.00pt;\" width=\"392\" height=\"46\">poids du v\u00e9hicule<\/td>\n<td class=\"et2\" style=\"width: 262.00pt;\" width=\"524\">300 kg<\/td>\n<\/tr>\n<tr style=\"height: 23.00pt;\">\n<td class=\"et2\" style=\"height: 23.00pt; width: 196.00pt;\" width=\"392\" height=\"46\">pile<\/td>\n<td class=\"et2\" style=\"width: 262.00pt;\" width=\"524\">72V 58Ah<\/td>\n<\/tr>\n<tr style=\"height: 23.00pt;\">\n<td class=\"et2\" style=\"height: 23.00pt; width: 196.00pt;\" width=\"392\" height=\"46\">puissance motrice<\/td>\n<td class=\"et2\" style=\"width: 262.00pt;\" width=\"524\">1500W \/ 2000W \/ 2500W \/ 3000W<\/td>\n<\/tr>\n<tr style=\"height: 23.00pt;\">\n<td class=\"et2\" style=\"height: 23.00pt; width: 196.00pt;\" width=\"392\" height=\"46\">allure<\/td>\n<td class=\"et2\" style=\"width: 262.00pt;\" width=\"524\">Faible vitesse \u226415 km\/h ; vitesse \u00e9lev\u00e9e \u226450 km\/h<\/td>\n<\/tr>\n<tr style=\"height: 23.00pt;\">\n<td class=\"et2\" style=\"height: 23.00pt; width: 196.00pt;\" width=\"392\" height=\"46\">Taille des pneus<\/td>\n<td class=\"et2\" style=\"width: 262.00pt;\" width=\"524\">Avant : 4,00-12 \/ arri\u00e8re : 4,50-12<\/td>\n<\/tr>\n<\/tbody>\n<\/table>\n<\/div>","protected":false},"excerpt":{"rendered":"<p>Ce trois-roues est dot\u00e9 d'une v\u00e9rification automatique vocale, d'un freinage combin\u00e9 et de phares lumineux pour une s\u00e9curit\u00e9 totale. \u00c9quip\u00e9 d'un tableau de bord num\u00e9rique et d'un essieu arri\u00e8re \u00e0 suspension int\u00e9grale, il offre un affichage clair des donn\u00e9es et une conduite fluide, m\u00eame sur des routes difficiles, id\u00e9ales pour les marchandises et les d\u00e9placements quotidiens\u00a0!<\/p>","protected":false},"featured_media":365,"comment_status":"open","ping_status":"closed","template":"","meta":[],"product_brand":[],"product_cat":[22],"product_tag":[],"class_list":{"0":"post-364","1":"product","2":"type-product","3":"status-publish","4":"has-post-thumbnail","6":"product_cat-cargo-tricycle","8":"first","9":"instock","10":"shipping-taxable","11":"product-type-simple"},"_links":{"self":[{"href":"https:\/\/alcnewenergy.com\/fr\/wp-json\/wp\/v2\/product\/364","targetHints":{"allow":["GET"]}}],"collection":[{"href":"https:\/\/alcnewenergy.com\/fr\/wp-json\/wp\/v2\/product"}],"about":[{"href":"https:\/\/alcnewenergy.com\/fr\/wp-json\/wp\/v2\/types\/product"}],"replies":[{"embeddable":true,"href":"https:\/\/alcnewenergy.com\/fr\/wp-json\/wp\/v2\/comments?post=364"}],"wp:featuredmedia":[{"embeddable":true,"href":"https:\/\/alcnewenergy.com\/fr\/wp-json\/wp\/v2\/media\/365"}],"wp:attachment":[{"href":"https:\/\/alcnewenergy.com\/fr\/wp-json\/wp\/v2\/media?parent=364"}],"wp:term":[{"taxonomy":"product_brand","embeddable":true,"href":"https:\/\/alcnewenergy.com\/fr\/wp-json\/wp\/v2\/product_brand?post=364"},{"taxonomy":"product_cat","embeddable":true,"href":"https:\/\/alcnewenergy.com\/fr\/wp-json\/wp\/v2\/product_cat?post=364"},{"taxonomy":"product_tag","embeddable":true,"href":"https:\/\/alcnewenergy.com\/fr\/wp-json\/wp\/v2\/product_tag?post=364"}],"curies":[{"name":"WP","href":"https:\/\/api.w.org\/{rel}","templated":true}]}}