{"id":360,"date":"2026-02-26T03:11:26","date_gmt":"2026-02-26T03:11:26","guid":{"rendered":"https:\/\/alcnewenergy.com\/?post_type=product&#038;p=360"},"modified":"2026-03-04T03:48:12","modified_gmt":"2026-03-04T03:48:12","slug":"huojianpao-cargo-tricycle-2","status":"publish","type":"product","link":"https:\/\/alcnewenergy.com\/fr\/product\/huojianpao-cargo-tricycle-2\/","title":{"rendered":"Tricycle cargo Huojianpao"},"content":{"rendered":"<p>Il utilise un moteur \u00e0 haute puissance avec une puissance \u00e9lev\u00e9e, r\u00e9pondant facilement aux besoins de mont\u00e9e des pentes et de transport de marchandises. La conception de la bo\u00eete de cargaison allong\u00e9e et \u00e9largie offre un espace de chargement suffisant.<br \/>\nLe v\u00e9hicule est \u00e9quip\u00e9 d'amortisseurs hydrauliques \u00e9paissis et de pneus \u00e0 vide r\u00e9sistants \u00e0 l'usure, permettant une conduite stable m\u00eame sur des routes cahoteuses.<\/p>\n<div style=\"overflow-x: auto; width: 100%;\">\n<table style=\"width: 100%; border-collapse: collapse;\">\n<tbody>\n<tr style=\"height: 24.00pt;\">\n<td class=\"et2\" style=\"height: 24.00pt; width: 196.00pt;\" width=\"392\" height=\"48\">Dimensions globales (L \u00d7 W \u00d7 H)<\/td>\n<td class=\"et2\" style=\"width: 262.00pt;\" width=\"524\">3300 \u00d7 1299 \u00d7 1460 mm<\/td>\n<\/tr>\n<tr style=\"height: 24.00pt;\">\n<td class=\"et2\" style=\"height: 24.00pt; width: 196.00pt;\" width=\"392\" height=\"48\">poids du v\u00e9hicule<\/td>\n<td class=\"et2\" style=\"width: 262.00pt;\" width=\"524\">300 kg<\/td>\n<\/tr>\n<tr style=\"height: 24.00pt;\">\n<td class=\"et2\" style=\"height: 24.00pt; width: 196.00pt;\" width=\"392\" height=\"48\">pile<\/td>\n<td class=\"et2\" style=\"width: 262.00pt;\" width=\"524\">72V 58Ah<\/td>\n<\/tr>\n<tr style=\"height: 24.00pt;\">\n<td class=\"et2\" style=\"height: 24.00pt; width: 196.00pt;\" width=\"392\" height=\"48\">puissance motrice<\/td>\n<td class=\"et2\" style=\"width: 262.00pt;\" width=\"524\">1500W \/ 2000W \/ 2500W \/ 3000W<\/td>\n<\/tr>\n<tr style=\"height: 24.00pt;\">\n<td class=\"et2\" style=\"height: 24.00pt; width: 196.00pt;\" width=\"392\" height=\"48\">allure<\/td>\n<td class=\"et2\" style=\"width: 262.00pt;\" width=\"524\">Faible vitesse \u226415 km\/h ; vitesse \u00e9lev\u00e9e \u226460 km\/h<\/td>\n<\/tr>\n<tr style=\"height: 24.00pt;\">\n<td class=\"et2\" style=\"height: 24.00pt; width: 196.00pt;\" width=\"392\" height=\"48\">Taille des pneus<\/td>\n<td class=\"et2\" style=\"width: 262.00pt;\" width=\"524\">Avant : 450-12 \/ Arri\u00e8re : 500-12<\/td>\n<\/tr>\n<\/tbody>\n<\/table>\n<\/div>","protected":false},"excerpt":{"rendered":"<p>Il utilise un moteur \u00e0 haute puissance avec une puissance \u00e9lev\u00e9e, r\u00e9pondant facilement aux besoins de mont\u00e9e des pentes et de transport de marchandises. La conception de la bo\u00eete de cargaison allong\u00e9e et \u00e9largie offre un espace de chargement suffisant. Le v\u00e9hicule est \u00e9quip\u00e9 d'amortisseurs hydrauliques \u00e9paissis et de pneus \u00e0 vide r\u00e9sistants \u00e0 l'usure, permettant une conduite stable m\u00eame sur des routes cahoteuses.<\/p>","protected":false},"featured_media":361,"comment_status":"open","ping_status":"closed","template":"","meta":[],"product_brand":[],"product_cat":[22],"product_tag":[],"class_list":{"0":"post-360","1":"product","2":"type-product","3":"status-publish","4":"has-post-thumbnail","6":"product_cat-cargo-tricycle","8":"first","9":"instock","10":"shipping-taxable","11":"product-type-simple"},"_links":{"self":[{"href":"https:\/\/alcnewenergy.com\/fr\/wp-json\/wp\/v2\/product\/360","targetHints":{"allow":["GET"]}}],"collection":[{"href":"https:\/\/alcnewenergy.com\/fr\/wp-json\/wp\/v2\/product"}],"about":[{"href":"https:\/\/alcnewenergy.com\/fr\/wp-json\/wp\/v2\/types\/product"}],"replies":[{"embeddable":true,"href":"https:\/\/alcnewenergy.com\/fr\/wp-json\/wp\/v2\/comments?post=360"}],"wp:featuredmedia":[{"embeddable":true,"href":"https:\/\/alcnewenergy.com\/fr\/wp-json\/wp\/v2\/media\/361"}],"wp:attachment":[{"href":"https:\/\/alcnewenergy.com\/fr\/wp-json\/wp\/v2\/media?parent=360"}],"wp:term":[{"taxonomy":"product_brand","embeddable":true,"href":"https:\/\/alcnewenergy.com\/fr\/wp-json\/wp\/v2\/product_brand?post=360"},{"taxonomy":"product_cat","embeddable":true,"href":"https:\/\/alcnewenergy.com\/fr\/wp-json\/wp\/v2\/product_cat?post=360"},{"taxonomy":"product_tag","embeddable":true,"href":"https:\/\/alcnewenergy.com\/fr\/wp-json\/wp\/v2\/product_tag?post=360"}],"curies":[{"name":"WP","href":"https:\/\/api.w.org\/{rel}","templated":true}]}}