{"id":352,"date":"2026-02-26T02:07:42","date_gmt":"2026-02-26T02:07:42","guid":{"rendered":"https:\/\/alcnewenergy.com\/?post_type=product&#038;p=352"},"modified":"2026-02-26T02:07:42","modified_gmt":"2026-02-26T02:07:42","slug":"hybrid-tuk-tuk-2","status":"publish","type":"product","link":"https:\/\/alcnewenergy.com\/fr\/product\/hybrid-tuk-tuk-2\/","title":{"rendered":"Tuk-Tuk hybride"},"content":{"rendered":"<p>Ce tricycle \u00e0 trois rang\u00e9es de passagers est construit pour des transports urbains et ruraux de grande capacit\u00e9 et respectueux de l'environnement.<br \/>\nC'est le choix id\u00e9al pour les services de taxi, les op\u00e9rations de navette et l'utilisation familiale o\u00f9 vous devez transporter plus de personnes confortablement.<\/p>\n<div style=\"overflow-x: auto; width: 100%;\">\n<table style=\"width: 100%; border-collapse: collapse;\">\n<tbody>\n<tr style=\"height: 23.00pt;\">\n<td class=\"et2\" style=\"height: 23.00pt; width: 196.00pt;\" width=\"392\" height=\"46\">Dimensions globales (L \u00d7 W \u00d7 H)<\/td>\n<td class=\"et2\" style=\"width: 262.00pt;\" width=\"524\">3\u00a0400\u00a0\u00d7\u00a01\u00a0250\u00a0\u00d7\u00a01\u00a0830\u00a0mm<\/td>\n<\/tr>\n<tr style=\"height: 23.00pt;\">\n<td class=\"et2\" style=\"height: 23.00pt; width: 196.00pt;\" width=\"392\" height=\"46\">poids du v\u00e9hicule<\/td>\n<td class=\"et2\" style=\"width: 262.00pt;\" width=\"524\">350 kg<\/td>\n<\/tr>\n<tr style=\"height: 23.00pt;\">\n<td class=\"et2\" style=\"height: 23.00pt; width: 196.00pt;\" width=\"392\" height=\"46\">Capacit\u00e9 des passagers<\/td>\n<td class=\"et2\" style=\"width: 262.00pt;\" width=\"524\">9 personnes<\/td>\n<\/tr>\n<tr style=\"height: 23.00pt;\">\n<td class=\"et2\" style=\"height: 23.00pt; width: 196.00pt;\" width=\"392\" height=\"46\">pile<\/td>\n<td class=\"et2\" style=\"width: 262.00pt;\" width=\"524\">72V 58Ah<\/td>\n<\/tr>\n<tr style=\"height: 23.00pt;\">\n<td class=\"et2\" style=\"height: 23.00pt; width: 196.00pt;\" width=\"392\" height=\"46\">puissance motrice<\/td>\n<td class=\"et2\" style=\"width: 262.00pt;\" width=\"524\">2000W \/ 2500W \/ 3000W<\/td>\n<\/tr>\n<tr style=\"height: 23.00pt;\">\n<td class=\"et2\" style=\"height: 23.00pt; width: 196.00pt;\" width=\"392\" height=\"46\">Puissance d'extension de port\u00e9e<\/td>\n<td class=\"et2\" style=\"width: 262.00pt;\" width=\"524\">5000W<\/td>\n<\/tr>\n<tr style=\"height: 23.00pt;\">\n<td class=\"et2\" style=\"height: 23.00pt; width: 196.00pt;\" width=\"392\" height=\"46\">allure<\/td>\n<td class=\"et2\" style=\"width: 262.00pt;\" width=\"524\">Faible vitesse \u226415 km\/h ; vitesse \u00e9lev\u00e9e \u226460 km\/h<\/td>\n<\/tr>\n<tr style=\"height: 23.00pt;\">\n<td class=\"et2\" style=\"height: 23.00pt; width: 196.00pt;\" width=\"392\" height=\"46\">Taille des pneus<\/td>\n<td class=\"et2\" style=\"width: 262.00pt;\" width=\"524\">Avant : 4,00-12 \/ arri\u00e8re : 4,50-12<\/td>\n<\/tr>\n<\/tbody>\n<\/table>\n<\/div>","protected":false},"excerpt":{"rendered":"<p>Ce tricycle \u00e0 trois rang\u00e9es de passagers est construit pour des transports urbains et ruraux de grande capacit\u00e9 et respectueux de l'environnement. C'est le choix id\u00e9al pour les services de taxi, les op\u00e9rations de navette et l'utilisation familiale o\u00f9 vous devez transporter plus de personnes confortablement.<\/p>","protected":false},"featured_media":353,"comment_status":"open","ping_status":"closed","template":"","meta":[],"product_brand":[],"product_cat":[21],"product_tag":[],"class_list":{"0":"post-352","1":"product","2":"type-product","3":"status-publish","4":"has-post-thumbnail","6":"product_cat-passenger-tricycle","8":"first","9":"instock","10":"shipping-taxable","11":"product-type-simple"},"_links":{"self":[{"href":"https:\/\/alcnewenergy.com\/fr\/wp-json\/wp\/v2\/product\/352","targetHints":{"allow":["GET"]}}],"collection":[{"href":"https:\/\/alcnewenergy.com\/fr\/wp-json\/wp\/v2\/product"}],"about":[{"href":"https:\/\/alcnewenergy.com\/fr\/wp-json\/wp\/v2\/types\/product"}],"replies":[{"embeddable":true,"href":"https:\/\/alcnewenergy.com\/fr\/wp-json\/wp\/v2\/comments?post=352"}],"wp:featuredmedia":[{"embeddable":true,"href":"https:\/\/alcnewenergy.com\/fr\/wp-json\/wp\/v2\/media\/353"}],"wp:attachment":[{"href":"https:\/\/alcnewenergy.com\/fr\/wp-json\/wp\/v2\/media?parent=352"}],"wp:term":[{"taxonomy":"product_brand","embeddable":true,"href":"https:\/\/alcnewenergy.com\/fr\/wp-json\/wp\/v2\/product_brand?post=352"},{"taxonomy":"product_cat","embeddable":true,"href":"https:\/\/alcnewenergy.com\/fr\/wp-json\/wp\/v2\/product_cat?post=352"},{"taxonomy":"product_tag","embeddable":true,"href":"https:\/\/alcnewenergy.com\/fr\/wp-json\/wp\/v2\/product_tag?post=352"}],"curies":[{"name":"WP","href":"https:\/\/api.w.org\/{rel}","templated":true}]}}