{"id":350,"date":"2026-02-26T02:05:52","date_gmt":"2026-02-26T02:05:52","guid":{"rendered":"https:\/\/alcnewenergy.com\/?post_type=product&#038;p=350"},"modified":"2026-02-26T02:05:52","modified_gmt":"2026-02-26T02:05:52","slug":"hybrid-tuk-tuk","status":"publish","type":"product","link":"https:\/\/alcnewenergy.com\/fr\/product\/hybrid-tuk-tuk\/","title":{"rendered":"Tuk-Tuk hybride"},"content":{"rendered":"<p><strong>\u00b7<\/strong> Ce tricycle \u00e9lectrique hybride combine les avantages de la puissance de carburant et des syst\u00e8mes d'entra\u00eenement \u00e9lectrique, et est sp\u00e9cialement con\u00e7u pour une utilisation \u00e0 haute intensit\u00e9 et des conditions routi\u00e8res complexes.<br \/>\n<strong>\u00b7<\/strong> Le v\u00e9hicule peut changer ou utiliser de mani\u00e8re synergique le syst\u00e8me d'alimentation en fonction des conditions de travail r\u00e9elles, r\u00e9solvant efficacement le probl\u00e8me de l'anxi\u00e9t\u00e9 de port\u00e9e tout en r\u00e9duisant la consommation et les co\u00fbts d'exploitation.<br \/>\n<strong>\u00b7<\/strong> Avec une puissance de sortie stable, une structure de carrosserie robuste et une excellente adaptabilit\u00e9, ce mod\u00e8le est tr\u00e8s adapt\u00e9 pour le transport de passagers, le transport de marchandises et les sc\u00e9narios d'exploitation commerciale.<\/p>\n<div style=\"overflow-x: auto; width: 100%;\">\n<table style=\"width: 100%; border-collapse: collapse;\">\n<tbody>\n<tr style=\"height: 23.00pt;\">\n<td class=\"et2\" style=\"height: 23.00pt; width: 196.00pt;\" width=\"392\" height=\"46\">Dimensions globales (L \u00d7 W \u00d7 H)<\/td>\n<td class=\"et2\" style=\"width: 262.00pt;\" width=\"524\">2900 \u00d7 1250 \u00d7 1700 mm<\/td>\n<\/tr>\n<tr style=\"height: 23.00pt;\">\n<td class=\"et2\" style=\"height: 23.00pt; width: 196.00pt;\" width=\"392\" height=\"46\">poids du v\u00e9hicule<\/td>\n<td class=\"et2\" style=\"width: 262.00pt;\" width=\"524\">320 kg<\/td>\n<\/tr>\n<tr style=\"height: 23.00pt;\">\n<td class=\"et2\" style=\"height: 23.00pt; width: 196.00pt;\" width=\"392\" height=\"46\">Capacit\u00e9 des passagers<\/td>\n<td class=\"et2\" style=\"width: 262.00pt;\" width=\"524\">6 personnes<\/td>\n<\/tr>\n<tr style=\"height: 23.00pt;\">\n<td class=\"et2\" style=\"height: 23.00pt; width: 196.00pt;\" width=\"392\" height=\"46\">pile<\/td>\n<td class=\"et2\" style=\"width: 262.00pt;\" width=\"524\">72V 58Ah<\/td>\n<\/tr>\n<tr style=\"height: 23.00pt;\">\n<td class=\"et2\" style=\"height: 23.00pt; width: 196.00pt;\" width=\"392\" height=\"46\">puissance motrice<\/td>\n<td class=\"et2\" style=\"width: 262.00pt;\" width=\"524\">2000W \/ 2500W \/ 3000W<\/td>\n<\/tr>\n<tr style=\"height: 23.00pt;\">\n<td class=\"et2\" style=\"height: 23.00pt; width: 196.00pt;\" width=\"392\" height=\"46\">Puissance d'extension de port\u00e9e<\/td>\n<td class=\"et2\" style=\"width: 262.00pt;\" width=\"524\">5000W<\/td>\n<\/tr>\n<tr style=\"height: 23.00pt;\">\n<td class=\"et2\" style=\"height: 23.00pt; width: 196.00pt;\" width=\"392\" height=\"46\">allure<\/td>\n<td class=\"et2\" style=\"width: 262.00pt;\" width=\"524\">Faible vitesse \u226415 km\/h ; vitesse \u00e9lev\u00e9e \u226460 km\/h<\/td>\n<\/tr>\n<tr style=\"height: 23.00pt;\">\n<td class=\"et2\" style=\"height: 23.00pt; width: 196.00pt;\" width=\"392\" height=\"46\">Taille des pneus<\/td>\n<td class=\"et2\" style=\"width: 262.00pt;\" width=\"524\">Avant : 4,00-12 \/ arri\u00e8re : 4,00-12<\/td>\n<\/tr>\n<\/tbody>\n<\/table>\n<\/div>","protected":false},"excerpt":{"rendered":"<p>Ce tricycle \u00e9lectrique hybride combine les avantages de la puissance de carburant et des syst\u00e8mes d'entra\u00eenement \u00e9lectrique, et est sp\u00e9cialement con\u00e7u pour une utilisation \u00e0 haute intensit\u00e9 et des conditions routi\u00e8res complexes. Le v\u00e9hicule peut changer ou utiliser de mani\u00e8re synergique le syst\u00e8me d'alimentation en fonction des conditions de travail r\u00e9elles, r\u00e9solvant efficacement le probl\u00e8me de l'anxi\u00e9t\u00e9 de port\u00e9e tout en r\u00e9duisant la consommation et les co\u00fbts d'exploitation.<\/p>","protected":false},"featured_media":351,"comment_status":"open","ping_status":"closed","template":"","meta":[],"product_brand":[],"product_cat":[21],"product_tag":[],"class_list":{"0":"post-350","1":"product","2":"type-product","3":"status-publish","4":"has-post-thumbnail","6":"product_cat-passenger-tricycle","8":"first","9":"instock","10":"shipping-taxable","11":"product-type-simple"},"_links":{"self":[{"href":"https:\/\/alcnewenergy.com\/fr\/wp-json\/wp\/v2\/product\/350","targetHints":{"allow":["GET"]}}],"collection":[{"href":"https:\/\/alcnewenergy.com\/fr\/wp-json\/wp\/v2\/product"}],"about":[{"href":"https:\/\/alcnewenergy.com\/fr\/wp-json\/wp\/v2\/types\/product"}],"replies":[{"embeddable":true,"href":"https:\/\/alcnewenergy.com\/fr\/wp-json\/wp\/v2\/comments?post=350"}],"wp:featuredmedia":[{"embeddable":true,"href":"https:\/\/alcnewenergy.com\/fr\/wp-json\/wp\/v2\/media\/351"}],"wp:attachment":[{"href":"https:\/\/alcnewenergy.com\/fr\/wp-json\/wp\/v2\/media?parent=350"}],"wp:term":[{"taxonomy":"product_brand","embeddable":true,"href":"https:\/\/alcnewenergy.com\/fr\/wp-json\/wp\/v2\/product_brand?post=350"},{"taxonomy":"product_cat","embeddable":true,"href":"https:\/\/alcnewenergy.com\/fr\/wp-json\/wp\/v2\/product_cat?post=350"},{"taxonomy":"product_tag","embeddable":true,"href":"https:\/\/alcnewenergy.com\/fr\/wp-json\/wp\/v2\/product_tag?post=350"}],"curies":[{"name":"WP","href":"https:\/\/api.w.org\/{rel}","templated":true}]}}