{"id":348,"date":"2026-02-26T02:01:17","date_gmt":"2026-02-26T02:01:17","guid":{"rendered":"https:\/\/alcnewenergy.com\/?post_type=product&#038;p=348"},"modified":"2026-02-26T02:01:17","modified_gmt":"2026-02-26T02:01:17","slug":"fuel-tuk-tuk-2","status":"publish","type":"product","link":"https:\/\/alcnewenergy.com\/fr\/product\/fuel-tuk-tuk-2\/","title":{"rendered":"Tuk-tuk"},"content":{"rendered":"<p><strong>\u00b7<\/strong> Disposition des si\u00e8ges \u00e0 trois rang\u00e9es, peut transporter 5 \u00e0 6 personnes, r\u00e9pondant aux besoins des voyages \u00e0 plusieurs personnes. \u00c9quip\u00e9 d'un moteur de carburant de 150 cm3\/200 cm3.<br \/>\n<strong>\u00b7<\/strong> La carrosserie compacte et flexible facilite la navigation dans les rues urbaines et les routes rurales.<br \/>\n<strong>\u00b7<\/strong> Le cadre en acier \u00e0 haute teneur en carbone est robuste et durable, avec de faibles co\u00fbts d'entretien.<\/p>\n<div style=\"overflow-x: auto; width: 100%;\">\n<table style=\"width: 100%; border-collapse: collapse;\">\n<tbody>\n<tr style=\"height: 25.00pt;\">\n<td class=\"et2\" style=\"height: 25.00pt; width: 196.00pt;\" width=\"392\" height=\"50\">Dimensions globales (L \u00d7 W \u00d7 H)<\/td>\n<td class=\"et2\" style=\"width: 262.00pt;\" width=\"524\">3300 \u00d7 1300 \u00d7 1850 mm<\/td>\n<\/tr>\n<tr style=\"height: 25.00pt;\">\n<td class=\"et2\" style=\"height: 25.00pt; width: 196.00pt;\" width=\"392\" height=\"50\">poids du v\u00e9hicule<\/td>\n<td class=\"et2\" style=\"width: 262.00pt;\" width=\"524\">456 kg<\/td>\n<\/tr>\n<tr style=\"height: 25.00pt;\">\n<td class=\"et2\" style=\"height: 25.00pt; width: 196.00pt;\" width=\"392\" height=\"50\">Capacit\u00e9 des passagers<\/td>\n<td class=\"et2\" style=\"width: 262.00pt;\" width=\"524\">7 personnes<\/td>\n<\/tr>\n<tr style=\"height: 25.00pt;\">\n<td class=\"et2\" style=\"height: 25.00pt; width: 196.00pt;\" width=\"392\" height=\"50\">locomo<\/td>\n<td class=\"et2\" style=\"width: 262.00pt;\" width=\"524\">Moteur refroidi \u00e0 l'eau 200cc<\/td>\n<\/tr>\n<tr style=\"height: 25.00pt;\">\n<td class=\"et2\" style=\"height: 25.00pt; width: 196.00pt;\" width=\"392\" height=\"50\">allure<\/td>\n<td class=\"et2\" style=\"width: 262.00pt;\" width=\"524\">Faible vitesse \u226415 km\/h ; vitesse \u00e9lev\u00e9e \u226460 km\/h<\/td>\n<\/tr>\n<tr style=\"height: 25.00pt;\">\n<td class=\"et2\" style=\"height: 25.00pt; width: 196.00pt;\" width=\"392\" height=\"50\">Taille des pneus<\/td>\n<td class=\"et2\" style=\"width: 262.00pt;\" width=\"524\">450-12<\/td>\n<\/tr>\n<tr style=\"height: 25.00pt;\">\n<td class=\"et2\" style=\"height: 25.00pt; width: 196.00pt;\" width=\"392\" height=\"50\">Capacit\u00e9 du r\u00e9servoir de carburant<\/td>\n<td class=\"et2\" style=\"width: 262.00pt;\" width=\"524\">28 L<\/td>\n<\/tr>\n<\/tbody>\n<\/table>\n<\/div>","protected":false},"excerpt":{"rendered":"<p>Disposition des si\u00e8ges \u00e0 trois rang\u00e9es, peut transporter 5 \u00e0 6 personnes, r\u00e9pondant aux besoins des voyages \u00e0 plusieurs personnes. \u00c9quip\u00e9 d'un moteur de carburant de 150 cm3\/200 cm3. La carrosserie compacte et flexible facilite la navigation dans les rues urbaines et les routes rurales. Le cadre en acier \u00e0 haute teneur en carbone est robuste et durable, avec de faibles co\u00fbts d'entretien.<\/p>","protected":false},"featured_media":349,"comment_status":"open","ping_status":"closed","template":"","meta":[],"product_brand":[],"product_cat":[21],"product_tag":[],"class_list":{"0":"post-348","1":"product","2":"type-product","3":"status-publish","4":"has-post-thumbnail","6":"product_cat-passenger-tricycle","8":"first","9":"instock","10":"shipping-taxable","11":"product-type-simple"},"_links":{"self":[{"href":"https:\/\/alcnewenergy.com\/fr\/wp-json\/wp\/v2\/product\/348","targetHints":{"allow":["GET"]}}],"collection":[{"href":"https:\/\/alcnewenergy.com\/fr\/wp-json\/wp\/v2\/product"}],"about":[{"href":"https:\/\/alcnewenergy.com\/fr\/wp-json\/wp\/v2\/types\/product"}],"replies":[{"embeddable":true,"href":"https:\/\/alcnewenergy.com\/fr\/wp-json\/wp\/v2\/comments?post=348"}],"wp:featuredmedia":[{"embeddable":true,"href":"https:\/\/alcnewenergy.com\/fr\/wp-json\/wp\/v2\/media\/349"}],"wp:attachment":[{"href":"https:\/\/alcnewenergy.com\/fr\/wp-json\/wp\/v2\/media?parent=348"}],"wp:term":[{"taxonomy":"product_brand","embeddable":true,"href":"https:\/\/alcnewenergy.com\/fr\/wp-json\/wp\/v2\/product_brand?post=348"},{"taxonomy":"product_cat","embeddable":true,"href":"https:\/\/alcnewenergy.com\/fr\/wp-json\/wp\/v2\/product_cat?post=348"},{"taxonomy":"product_tag","embeddable":true,"href":"https:\/\/alcnewenergy.com\/fr\/wp-json\/wp\/v2\/product_tag?post=348"}],"curies":[{"name":"WP","href":"https:\/\/api.w.org\/{rel}","templated":true}]}}