{"id":346,"date":"2026-02-26T01:54:24","date_gmt":"2026-02-26T01:54:24","guid":{"rendered":"https:\/\/alcnewenergy.com\/?post_type=product&#038;p=346"},"modified":"2026-02-26T01:54:24","modified_gmt":"2026-02-26T01:54:24","slug":"fuel-tuk-tuk","status":"publish","type":"product","link":"https:\/\/alcnewenergy.com\/fr\/product\/fuel-tuk-tuk\/","title":{"rendered":"Tuk-tuk"},"content":{"rendered":"<p><strong>\u00b7<\/strong> Puissant, aliment\u00e9 par un carburant, avec une autonomie de plus de 200 km, pas besoin de charges fr\u00e9quentes.<br \/>\n<strong>\u00b7<\/strong> Cabine enti\u00e8rement ferm\u00e9e pour la protection contre le vent et la pluie, 1+3 si\u00e8ges pour le transport de passagers et de marchandises flexibles.<br \/>\n<strong>\u00b7<\/strong> Corps compact avec manutention flexible, adapt\u00e9 au transport de passagers urbains et ruraux ainsi qu'aux op\u00e9rations individuelles.<br \/>\n<strong>\u00b7<\/strong> Options 150cc\/200cc disponibles, conformes \u00e0 l'enregistrement de la plaque d'immatriculation, \u00e9conomiques et durables.<\/p>\n<div style=\"overflow-x: auto; width: 100%;\">\n<table style=\"width: 100%; border-collapse: collapse;\">\n<tbody>\n<tr style=\"height: 22.00pt;\">\n<td class=\"et2\" style=\"height: 22.00pt; width: 196.00pt;\" width=\"392\" height=\"44\">Dimensions globales (L \u00d7 W \u00d7 H)<\/td>\n<td class=\"et2\" style=\"width: 262.00pt;\" width=\"524\">2600 \u00d7 1300 \u00d7 1850 mm<\/td>\n<\/tr>\n<tr style=\"height: 22.00pt;\">\n<td class=\"et2\" style=\"height: 22.00pt; width: 196.00pt;\" width=\"392\" height=\"44\">poids du v\u00e9hicule<\/td>\n<td class=\"et2\" style=\"width: 262.00pt;\" width=\"524\">420 kg<\/td>\n<\/tr>\n<tr style=\"height: 22.00pt;\">\n<td class=\"et2\" style=\"height: 22.00pt; width: 196.00pt;\" width=\"392\" height=\"44\">Capacit\u00e9 des passagers<\/td>\n<td class=\"et2\" style=\"width: 262.00pt;\" width=\"524\">4 personnes<\/td>\n<\/tr>\n<tr style=\"height: 22.00pt;\">\n<td class=\"et2\" style=\"height: 22.00pt; width: 196.00pt;\" width=\"392\" height=\"44\">locomo<\/td>\n<td class=\"et2\" style=\"width: 262.00pt;\" width=\"524\">Moteur refroidi \u00e0 l'eau 200cc<\/td>\n<\/tr>\n<tr style=\"height: 22.00pt;\">\n<td class=\"et2\" style=\"height: 22.00pt; width: 196.00pt;\" width=\"392\" height=\"44\">allure<\/td>\n<td class=\"et2\" style=\"width: 262.00pt;\" width=\"524\">Faible vitesse \u226415 km\/h ; vitesse \u00e9lev\u00e9e \u226460 km\/h<\/td>\n<\/tr>\n<tr style=\"height: 22.00pt;\">\n<td class=\"et2\" style=\"height: 22.00pt; width: 196.00pt;\" width=\"392\" height=\"44\">Taille des pneus<\/td>\n<td class=\"et2\" style=\"width: 262.00pt;\" width=\"524\">450-12<\/td>\n<\/tr>\n<tr style=\"height: 22.00pt;\">\n<td class=\"et2\" style=\"height: 22.00pt; width: 196.00pt;\" width=\"392\" height=\"44\">Capacit\u00e9 du r\u00e9servoir de carburant<\/td>\n<td class=\"et2\" style=\"width: 262.00pt;\" width=\"524\">25 L<\/td>\n<\/tr>\n<\/tbody>\n<\/table>\n<\/div>","protected":false},"excerpt":{"rendered":"<p>Puissant, aliment\u00e9 par un carburant, avec une autonomie de plus de 200 km, pas besoin de charges fr\u00e9quentes. Cabine enti\u00e8rement ferm\u00e9e pour la protection contre le vent et la pluie, 1+3 si\u00e8ges pour le transport de passagers et de marchandises flexibles. Corps compact avec manutention flexible, adapt\u00e9 au transport de passagers urbains et ruraux ainsi qu'aux op\u00e9rations individuelles.<\/p>","protected":false},"featured_media":347,"comment_status":"open","ping_status":"closed","template":"","meta":[],"product_brand":[],"product_cat":[21],"product_tag":[],"class_list":{"0":"post-346","1":"product","2":"type-product","3":"status-publish","4":"has-post-thumbnail","6":"product_cat-passenger-tricycle","8":"first","9":"instock","10":"shipping-taxable","11":"product-type-simple"},"_links":{"self":[{"href":"https:\/\/alcnewenergy.com\/fr\/wp-json\/wp\/v2\/product\/346","targetHints":{"allow":["GET"]}}],"collection":[{"href":"https:\/\/alcnewenergy.com\/fr\/wp-json\/wp\/v2\/product"}],"about":[{"href":"https:\/\/alcnewenergy.com\/fr\/wp-json\/wp\/v2\/types\/product"}],"replies":[{"embeddable":true,"href":"https:\/\/alcnewenergy.com\/fr\/wp-json\/wp\/v2\/comments?post=346"}],"wp:featuredmedia":[{"embeddable":true,"href":"https:\/\/alcnewenergy.com\/fr\/wp-json\/wp\/v2\/media\/347"}],"wp:attachment":[{"href":"https:\/\/alcnewenergy.com\/fr\/wp-json\/wp\/v2\/media?parent=346"}],"wp:term":[{"taxonomy":"product_brand","embeddable":true,"href":"https:\/\/alcnewenergy.com\/fr\/wp-json\/wp\/v2\/product_brand?post=346"},{"taxonomy":"product_cat","embeddable":true,"href":"https:\/\/alcnewenergy.com\/fr\/wp-json\/wp\/v2\/product_cat?post=346"},{"taxonomy":"product_tag","embeddable":true,"href":"https:\/\/alcnewenergy.com\/fr\/wp-json\/wp\/v2\/product_tag?post=346"}],"curies":[{"name":"WP","href":"https:\/\/api.w.org\/{rel}","templated":true}]}}