{"id":339,"date":"2026-02-26T01:33:28","date_gmt":"2026-02-26T01:33:28","guid":{"rendered":"https:\/\/alcnewenergy.com\/?post_type=product&#038;p=339"},"modified":"2026-02-26T01:41:38","modified_gmt":"2026-02-26T01:41:38","slug":"electric-tuk-tuk","status":"publish","type":"product","link":"https:\/\/alcnewenergy.com\/fr\/product\/electric-tuk-tuk\/","title":{"rendered":"Tuk-Tuk \u00e9lectrique"},"content":{"rendered":"<p>Ce tricycle \u00e9lectrique est con\u00e7u pour la durabilit\u00e9 et les performances r\u00e9elles, con\u00e7us pour g\u00e9rer les conditions routi\u00e8res difficiles.<br \/>\nIl est dot\u00e9 d'un ch\u00e2ssis renforc\u00e9 qui r\u00e9duit les vibrations et les contraintes, prot\u00e9geant les composants cl\u00e9s de l'usure. Les pi\u00e8ces portantes principales utilisent de l'acier alli\u00e9 \u00e0 haute r\u00e9sistance pour une excellente r\u00e9sistance au flexion, \u00e0 la d\u00e9formation et \u00e0 la fatigue.<\/p>\n<div style=\"overflow-x: auto; width: 100%;\">\n<table style=\"width: 100%; border-collapse: collapse;\">\n<tbody>\n<tr style=\"height: 27.00pt;\">\n<td class=\"et2\" style=\"height: 27.00pt; width: 196.00pt;\" width=\"392\" height=\"54\">Dimensions globales (L \u00d7 W \u00d7 H)<\/td>\n<td class=\"et2\" style=\"width: 262.00pt;\" width=\"524\">2900 \u00d7 1250 \u00d7 1700 mm<\/td>\n<\/tr>\n<tr style=\"height: 27.00pt;\">\n<td class=\"et2\" style=\"height: 27.00pt; width: 196.00pt;\" width=\"392\" height=\"54\">poids du v\u00e9hicule<\/td>\n<td class=\"et2\" style=\"width: 262.00pt;\" width=\"524\">320 kg<\/td>\n<\/tr>\n<tr style=\"height: 27.00pt;\">\n<td class=\"et2\" style=\"height: 27.00pt; width: 196.00pt;\" width=\"392\" height=\"54\">Capacit\u00e9 des passagers<\/td>\n<td class=\"et2\" style=\"width: 262.00pt;\" width=\"524\">6 personnes<\/td>\n<\/tr>\n<tr style=\"height: 27.00pt;\">\n<td class=\"et2\" style=\"height: 27.00pt; width: 196.00pt;\" width=\"392\" height=\"54\">pile<\/td>\n<td class=\"et2\" style=\"width: 262.00pt;\" width=\"524\">72V 58Ah<\/td>\n<\/tr>\n<tr style=\"height: 27.00pt;\">\n<td class=\"et2\" style=\"height: 27.00pt; width: 196.00pt;\" width=\"392\" height=\"54\">puissance motrice<\/td>\n<td class=\"et2\" style=\"width: 262.00pt;\" width=\"524\">1500W \/ 2000W \/ 2500W \/ 3000W<\/td>\n<\/tr>\n<tr style=\"height: 27.00pt;\">\n<td class=\"et2\" style=\"height: 27.00pt; width: 196.00pt;\" width=\"392\" height=\"54\">allure<\/td>\n<td class=\"et2\" style=\"width: 262.00pt;\" width=\"524\">Faible vitesse \u226415 km\/h ; vitesse \u00e9lev\u00e9e \u226460 km\/h<\/td>\n<\/tr>\n<tr style=\"height: 27.00pt;\">\n<td class=\"et2\" style=\"height: 27.00pt; width: 196.00pt;\" width=\"392\" height=\"54\">Taille des pneus<\/td>\n<td class=\"et2\" style=\"width: 262.00pt;\" width=\"524\">Avant : 4,00-12 \/ arri\u00e8re : 4,00-12<\/td>\n<\/tr>\n<\/tbody>\n<\/table>\n<\/div>","protected":false},"excerpt":{"rendered":"<p>Ce tricycle \u00e9lectrique est con\u00e7u pour la durabilit\u00e9 et les performances r\u00e9elles, con\u00e7us pour g\u00e9rer les conditions routi\u00e8res difficiles. Il est dot\u00e9 d'un ch\u00e2ssis renforc\u00e9 qui r\u00e9duit les vibrations et les contraintes, prot\u00e9geant les composants cl\u00e9s de l'usure. Les pi\u00e8ces portantes principales utilisent de l'acier alli\u00e9 \u00e0 haute r\u00e9sistance pour une excellente r\u00e9sistance au flexion, \u00e0 la d\u00e9formation et \u00e0 la fatigue.<\/p>","protected":false},"featured_media":340,"comment_status":"open","ping_status":"closed","template":"","meta":[],"product_brand":[],"product_cat":[21],"product_tag":[],"class_list":{"0":"post-339","1":"product","2":"type-product","3":"status-publish","4":"has-post-thumbnail","6":"product_cat-passenger-tricycle","8":"first","9":"instock","10":"shipping-taxable","11":"product-type-simple"},"_links":{"self":[{"href":"https:\/\/alcnewenergy.com\/fr\/wp-json\/wp\/v2\/product\/339","targetHints":{"allow":["GET"]}}],"collection":[{"href":"https:\/\/alcnewenergy.com\/fr\/wp-json\/wp\/v2\/product"}],"about":[{"href":"https:\/\/alcnewenergy.com\/fr\/wp-json\/wp\/v2\/types\/product"}],"replies":[{"embeddable":true,"href":"https:\/\/alcnewenergy.com\/fr\/wp-json\/wp\/v2\/comments?post=339"}],"wp:featuredmedia":[{"embeddable":true,"href":"https:\/\/alcnewenergy.com\/fr\/wp-json\/wp\/v2\/media\/340"}],"wp:attachment":[{"href":"https:\/\/alcnewenergy.com\/fr\/wp-json\/wp\/v2\/media?parent=339"}],"wp:term":[{"taxonomy":"product_brand","embeddable":true,"href":"https:\/\/alcnewenergy.com\/fr\/wp-json\/wp\/v2\/product_brand?post=339"},{"taxonomy":"product_cat","embeddable":true,"href":"https:\/\/alcnewenergy.com\/fr\/wp-json\/wp\/v2\/product_cat?post=339"},{"taxonomy":"product_tag","embeddable":true,"href":"https:\/\/alcnewenergy.com\/fr\/wp-json\/wp\/v2\/product_tag?post=339"}],"curies":[{"name":"WP","href":"https:\/\/api.w.org\/{rel}","templated":true}]}}