{"id":619,"date":"2026-03-02T00:46:30","date_gmt":"2026-03-02T00:46:30","guid":{"rendered":"https:\/\/alcnewenergy.com\/?page_id=619"},"modified":"2026-03-02T00:59:37","modified_gmt":"2026-03-02T00:59:37","slug":"refund-policy","status":"publish","type":"page","link":"https:\/\/alcnewenergy.com\/fr\/refund-policy\/","title":{"rendered":"Politique de remboursement"},"content":{"rendered":"<div data-elementor-type=\"wp-page\" data-elementor-id=\"619\" class=\"elementor elementor-619\" data-elementor-post-type=\"page\">\n\t\t\t\t<div class=\"elementor-element elementor-element-59a8949 e-flex e-con-boxed e-con e-parent\" data-id=\"59a8949\" data-element_type=\"container\" data-e-type=\"container\" data-settings=\"{&quot;background_background&quot;:&quot;classic&quot;}\">\n\t\t\t\t\t<div class=\"e-con-inner\">\n\t\t\t\t<div class=\"elementor-element elementor-element-04a0615 elementor-widget elementor-widget-heading\" data-id=\"04a0615\" data-element_type=\"widget\" data-e-type=\"widget\" data-widget_type=\"heading.default\">\n\t\t\t\t\t<h1 class=\"elementor-heading-title elementor-size-default\">Politique de remboursement<\/h1>\t\t\t\t<\/div>\n\t\t\t\t<div class=\"elementor-element elementor-element-d182ee4 elementor-icon-list--layout-inline elementor-list-item-link-full_width elementor-widget elementor-widget-icon-list\" data-id=\"d182ee4\" data-element_type=\"widget\" data-e-type=\"widget\" data-widget_type=\"icon-list.default\">\n\t\t\t\t\t\t\t<ul class=\"elementor-icon-list-items elementor-inline-items\">\n\t\t\t\t\t\t\t<li class=\"elementor-icon-list-item elementor-inline-item\">\n\t\t\t\t\t\t\t\t\t\t\t<a href=\"https:\/\/alcnewenergy.com\/fr\">\n\n\t\t\t\t\t\t\t\t\t\t\t\t<span class=\"elementor-icon-list-icon\">\n\t\t\t\t\t\t\t<svg aria-hidden=\"true\" class=\"e-font-icon-svg e-fas-home\" viewbox=\"0 0 576 512\" xmlns=\"http:\/\/www.w3.org\/2000\/svg\"><path d=\"M280.37 148.26L96 300.11V464a16 16 0 0 0 16 16l112.06-.29a16 16 0 0 0 15.92-16V368a16 16 0 0 1 16-16h64a16 16 0 0 1 16 16v95.64a16 16 0 0 0 16 16.05L464 480a16 16 0 0 0 16-16V300L295.67 148.26a12.19 12.19 0 0 0-15.3 0zM571.6 251.47L488 182.56V44.05a12 12 0 0 0-12-12h-56a12 12 0 0 0-12 12v72.61L318.47 43a48 48 0 0 0-61 0L4.34 251.47a12 12 0 0 0-1.6 16.9l25.5 31A12 12 0 0 0 45.15 301l235.22-193.74a12.19 12.19 0 0 1 15.3 0L530.9 301a12 12 0 0 0 16.9-1.6l25.5-31a12 12 0 0 0-1.7-16.93z\"><\/path><\/svg>\t\t\t\t\t\t<\/span>\n\t\t\t\t\t\t\t\t\t\t<span class=\"elementor-icon-list-text\">domicile<\/span>\n\t\t\t\t\t\t\t\t\t\t\t<\/a>\n\t\t\t\t\t\t\t\t\t<\/li>\n\t\t\t\t\t\t\t\t<li class=\"elementor-icon-list-item elementor-inline-item\">\n\t\t\t\t\t\t\t\t\t\t\t<span class=\"elementor-icon-list-icon\">\n\t\t\t\t\t\t\t<svg aria-hidden=\"true\" class=\"e-font-icon-svg e-fas-angle-right\" viewbox=\"0 0 256 512\" xmlns=\"http:\/\/www.w3.org\/2000\/svg\"><path d=\"M224.3 273l-136 136c-9.4 9.4-24.6 9.4-33.9 0l-22.6-22.6c-9.4-9.4-9.4-24.6 0-33.9l96.4-96.4-96.4-96.4c-9.4-9.4-9.4-24.6 0-33.9L54.3 103c9.4-9.4 24.6-9.4 33.9 0l136 136c9.5 9.4 9.5 24.6.1 34z\"><\/path><\/svg>\t\t\t\t\t\t<\/span>\n\t\t\t\t\t\t\t\t\t\t<span class=\"elementor-icon-list-text\">Politique de remboursement<\/span>\n\t\t\t\t\t\t\t\t\t<\/li>\n\t\t\t\t\t\t<\/ul>\n\t\t\t\t\t\t<\/div>\n\t\t\t\t<div class=\"elementor-element elementor-element-72f1c14 elementor-widget-divider--view-line elementor-widget elementor-widget-divider\" data-id=\"72f1c14\" data-element_type=\"widget\" data-e-type=\"widget\" data-widget_type=\"divider.default\">\n\t\t\t\t\t\t\t<div class=\"elementor-divider\">\n\t\t\t<span class=\"elementor-divider-separator\">\n\t\t\t\t\t\t<\/span>\n\t\t<\/div>\n\t\t\t\t\t\t<\/div>\n\t\t\t\t\t<\/div>\n\t\t\t\t<\/div>\n\t\t<div class=\"elementor-element elementor-element-9ea50b1 e-flex e-con-boxed e-con e-parent\" data-id=\"9ea50b1\" data-element_type=\"container\" data-e-type=\"container\">\n\t\t\t\t\t<div class=\"e-con-inner\">\n\t\t\t\t<div class=\"elementor-element elementor-element-cf4dd79 elementor-widget elementor-widget-text-editor\" data-id=\"cf4dd79\" data-element_type=\"widget\" data-e-type=\"widget\" data-widget_type=\"text-editor.default\">\n\t\t\t\t\t\t\t\t\t<p>\u00e0\u00a0<strong><b>Shandong Ailichun Machinery Equipment Co., Ltd.<\/b><\/strong>, nous nous effor\u00e7ons de fournir des produits de haute qualit\u00e9 et un excellent service client. Nous comprenons que parfois un produit peut ne pas r\u00e9pondre \u00e0 vos attentes. Dans un tel \u00e9v\u00e9nement, nous proposons une politique de remboursement qui vous permet de retourner le produit dans un certain d\u00e9lai \u00e0 compter de la date d'achat.<\/p><p>Veuillez noter que nous ne pouvons faire aucune promesse ou garantie quant au r\u00e9sultat de tout produit que nous proposons. Nous nous effor\u00e7ons de fournir des produits de haute qualit\u00e9, mais le succ\u00e8s de tout produit d\u00e9pend de divers facteurs qui \u00e9chappent \u00e0 notre contr\u00f4le. Par cons\u00e9quent, nous ne pouvons offrir de remboursement en fonction du r\u00e9sultat d'un produit.<\/p><h5>Notre politique de remboursement est la suivante :<\/h5><p>Si vous n'\u00eates pas satisfait du produit, vous pourriez avoir droit \u00e0 un retour.<\/p><p>Pour initier un retour, veuillez nous contacter au\u00a0<span style=\"color: #0c5ab6;\"><a style=\"color: #0c5ab6;\" href=\"mailto:13505371066@163.com\"><strong><b>13505371066@163.com<\/b><\/strong><\/a><\/span>.<\/p><p>Le produit doit \u00eatre dans son emballage d'origine et \u00e0 l'\u00e9tat neuf pour pouvoir \u00eatre retourn\u00e9.<\/p><p>Les frais d'exp\u00e9dition et de manutention ne sont pas remboursables.<\/p><p>Une fois que nous aurons re\u00e7u le produit, nous l'\u00e9valuerons et d\u00e9terminerons si un retour est appropri\u00e9.<\/p><p>Veuillez noter que nous nous r\u00e9servons le droit de refuser un retour si le produit ne r\u00e9pond pas \u00e0 nos crit\u00e8res de politique de retour.<\/p><p>Si vous avez des questions ou des pr\u00e9occupations concernant notre politique de remboursement, n'h\u00e9sitez pas \u00e0 nous contacter au\u00a0<a href=\"mailto:13505371066@163.com\"><span style=\"color: #0c5ab6;\"><strong><b>13505371066@163.com<\/b><\/strong><\/span>.<\/a><\/p>\t\t\t\t\t\t\t\t<\/div>\n\t\t\t\t\t<\/div>\n\t\t\t\t<\/div>\n\t\t\t\t<\/div>","protected":false},"excerpt":{"rendered":"<p>Refund Policy Home Refund Policy At\u00a0Shandong Ailichun Machinery Equipment Co., Ltd., we strive to provide high-quality products and excellent customer service. We understand that sometimes a product may not meet your expectations. In such an event, we offer a refund policy that allows you to return the product within a certain period of time from [&hellip;]<\/p>\n","protected":false},"author":1,"featured_media":0,"parent":0,"menu_order":0,"comment_status":"closed","ping_status":"closed","template":"","meta":{"footnotes":""},"class_list":["post-619","page","type-page","status-publish","hentry"],"_links":{"self":[{"href":"https:\/\/alcnewenergy.com\/fr\/wp-json\/wp\/v2\/pages\/619","targetHints":{"allow":["GET"]}}],"collection":[{"href":"https:\/\/alcnewenergy.com\/fr\/wp-json\/wp\/v2\/pages"}],"about":[{"href":"https:\/\/alcnewenergy.com\/fr\/wp-json\/wp\/v2\/types\/page"}],"author":[{"embeddable":true,"href":"https:\/\/alcnewenergy.com\/fr\/wp-json\/wp\/v2\/users\/1"}],"replies":[{"embeddable":true,"href":"https:\/\/alcnewenergy.com\/fr\/wp-json\/wp\/v2\/comments?post=619"}],"version-history":[{"count":4,"href":"https:\/\/alcnewenergy.com\/fr\/wp-json\/wp\/v2\/pages\/619\/revisions"}],"predecessor-version":[{"id":637,"href":"https:\/\/alcnewenergy.com\/fr\/wp-json\/wp\/v2\/pages\/619\/revisions\/637"}],"wp:attachment":[{"href":"https:\/\/alcnewenergy.com\/fr\/wp-json\/wp\/v2\/media?parent=619"}],"curies":[{"name":"WP","href":"https:\/\/api.w.org\/{rel}","templated":true}]}}