{"id":617,"date":"2026-03-02T00:46:19","date_gmt":"2026-03-02T00:46:19","guid":{"rendered":"https:\/\/alcnewenergy.com\/?page_id=617"},"modified":"2026-03-02T01:02:19","modified_gmt":"2026-03-02T01:02:19","slug":"shipping-policy","status":"publish","type":"page","link":"https:\/\/alcnewenergy.com\/fr\/shipping-policy\/","title":{"rendered":"Politique d'exp\u00e9dition"},"content":{"rendered":"<div data-elementor-type=\"wp-page\" data-elementor-id=\"617\" class=\"elementor elementor-617\" data-elementor-post-type=\"page\">\n\t\t\t\t<div class=\"elementor-element elementor-element-9bc74e4 e-flex e-con-boxed e-con e-parent\" data-id=\"9bc74e4\" data-element_type=\"container\" data-e-type=\"container\" data-settings=\"{&quot;background_background&quot;:&quot;classic&quot;}\">\n\t\t\t\t\t<div class=\"e-con-inner\">\n\t\t\t\t<div class=\"elementor-element elementor-element-033fc77 elementor-widget elementor-widget-heading\" data-id=\"033fc77\" data-element_type=\"widget\" data-e-type=\"widget\" data-widget_type=\"heading.default\">\n\t\t\t\t\t<h1 class=\"elementor-heading-title elementor-size-default\">Politique d'exp\u00e9dition<\/h1>\t\t\t\t<\/div>\n\t\t\t\t<div class=\"elementor-element elementor-element-d995c5f elementor-icon-list--layout-inline elementor-list-item-link-full_width elementor-widget elementor-widget-icon-list\" data-id=\"d995c5f\" data-element_type=\"widget\" data-e-type=\"widget\" data-widget_type=\"icon-list.default\">\n\t\t\t\t\t\t\t<ul class=\"elementor-icon-list-items elementor-inline-items\">\n\t\t\t\t\t\t\t<li class=\"elementor-icon-list-item elementor-inline-item\">\n\t\t\t\t\t\t\t\t\t\t\t<a href=\"https:\/\/alcnewenergy.com\/fr\">\n\n\t\t\t\t\t\t\t\t\t\t\t\t<span class=\"elementor-icon-list-icon\">\n\t\t\t\t\t\t\t<svg aria-hidden=\"true\" class=\"e-font-icon-svg e-fas-home\" viewbox=\"0 0 576 512\" xmlns=\"http:\/\/www.w3.org\/2000\/svg\"><path d=\"M280.37 148.26L96 300.11V464a16 16 0 0 0 16 16l112.06-.29a16 16 0 0 0 15.92-16V368a16 16 0 0 1 16-16h64a16 16 0 0 1 16 16v95.64a16 16 0 0 0 16 16.05L464 480a16 16 0 0 0 16-16V300L295.67 148.26a12.19 12.19 0 0 0-15.3 0zM571.6 251.47L488 182.56V44.05a12 12 0 0 0-12-12h-56a12 12 0 0 0-12 12v72.61L318.47 43a48 48 0 0 0-61 0L4.34 251.47a12 12 0 0 0-1.6 16.9l25.5 31A12 12 0 0 0 45.15 301l235.22-193.74a12.19 12.19 0 0 1 15.3 0L530.9 301a12 12 0 0 0 16.9-1.6l25.5-31a12 12 0 0 0-1.7-16.93z\"><\/path><\/svg>\t\t\t\t\t\t<\/span>\n\t\t\t\t\t\t\t\t\t\t<span class=\"elementor-icon-list-text\">domicile<\/span>\n\t\t\t\t\t\t\t\t\t\t\t<\/a>\n\t\t\t\t\t\t\t\t\t<\/li>\n\t\t\t\t\t\t\t\t<li class=\"elementor-icon-list-item elementor-inline-item\">\n\t\t\t\t\t\t\t\t\t\t\t<span class=\"elementor-icon-list-icon\">\n\t\t\t\t\t\t\t<svg aria-hidden=\"true\" class=\"e-font-icon-svg e-fas-angle-right\" viewbox=\"0 0 256 512\" xmlns=\"http:\/\/www.w3.org\/2000\/svg\"><path d=\"M224.3 273l-136 136c-9.4 9.4-24.6 9.4-33.9 0l-22.6-22.6c-9.4-9.4-9.4-24.6 0-33.9l96.4-96.4-96.4-96.4c-9.4-9.4-9.4-24.6 0-33.9L54.3 103c9.4-9.4 24.6-9.4 33.9 0l136 136c9.5 9.4 9.5 24.6.1 34z\"><\/path><\/svg>\t\t\t\t\t\t<\/span>\n\t\t\t\t\t\t\t\t\t\t<span class=\"elementor-icon-list-text\">Politique d'exp\u00e9dition<\/span>\n\t\t\t\t\t\t\t\t\t<\/li>\n\t\t\t\t\t\t<\/ul>\n\t\t\t\t\t\t<\/div>\n\t\t\t\t<div class=\"elementor-element elementor-element-6d55e96 elementor-widget-divider--view-line elementor-widget elementor-widget-divider\" data-id=\"6d55e96\" data-element_type=\"widget\" data-e-type=\"widget\" data-widget_type=\"divider.default\">\n\t\t\t\t\t\t\t<div class=\"elementor-divider\">\n\t\t\t<span class=\"elementor-divider-separator\">\n\t\t\t\t\t\t<\/span>\n\t\t<\/div>\n\t\t\t\t\t\t<\/div>\n\t\t\t\t\t<\/div>\n\t\t\t\t<\/div>\n\t\t<div class=\"elementor-element elementor-element-1dd56d7 e-flex e-con-boxed e-con e-parent\" data-id=\"1dd56d7\" data-element_type=\"container\" data-e-type=\"container\">\n\t\t\t\t\t<div class=\"e-con-inner\">\n\t\t\t\t<div class=\"elementor-element elementor-element-9a2dd01 elementor-widget elementor-widget-text-editor\" data-id=\"9a2dd01\" data-element_type=\"widget\" data-e-type=\"widget\" data-widget_type=\"text-editor.default\">\n\t\t\t\t\t\t\t\t\t<p>\u00e0\u00a0<strong><b>Shandong Ailichun Machinery Equipment Co., Ltd.<\/b><\/strong><strong><b>\u00a0<\/b><\/strong>Nous nous effor\u00e7ons de fournir \u00e0 nos clients une livraison rapide et efficace de nos produits. Nous exp\u00e9dions nos produits \u00e0 des clients \u00e0 la fois au niveau national et international.<\/p><h5>Exp\u00e9dition nationale :<\/h5><p>Nous exp\u00e9dions nos produits en Chine continentale via divers transporteurs, selon le produit et l'emplacement du client.<\/p><p>Les frais d'exp\u00e9dition nationaux peuvent varier en fonction du poids et de la taille du produit, ainsi que de la destination d'exp\u00e9dition.<\/p><p>Le d\u00e9lai de livraison estim\u00e9 pour les envois nationaux est g\u00e9n\u00e9ralement de 3 \u00e0 7 jours ouvrables, selon le transporteur et la destination d'exp\u00e9dition.<\/p><h5>Exp\u00e9dition internationale :<\/h5><p>Nous exp\u00e9dions nos produits \u00e0 des clients internationaux via divers transporteurs, en fonction du produit et de l'emplacement du client.<\/p><p>Les frais d'exp\u00e9dition internationaux peuvent varier en fonction du poids et de la taille du produit, ainsi que de la destination d'exp\u00e9dition.<\/p><p>Le d\u00e9lai de livraison estim\u00e9 pour les envois internationaux varie en fonction du transporteur et de la destination d'exp\u00e9dition. Les d\u00e9lais de livraison peuvent \u00eatre affect\u00e9s par les douanes et d'autres facteurs hors de notre contr\u00f4le.<\/p><p>Veuillez noter que nous ne sommes pas responsables des droits de douane, taxes ou frais qui pourraient \u00eatre impos\u00e9s par le pays de destination. Le client est responsable de ces frais.<\/p><p>Si vous avez des questions ou des inqui\u00e9tudes concernant l'exp\u00e9dition, n'h\u00e9sitez pas \u00e0 nous contacter au\u00a0<a href=\"mailto:13505371066@163.com\"><span style=\"color: #0c5ab6;\"><strong><b>13505371066@163.com<\/b><\/strong><\/span><strong><b>.<\/b><\/strong><\/a><\/p>\t\t\t\t\t\t\t\t<\/div>\n\t\t\t\t\t<\/div>\n\t\t\t\t<\/div>\n\t\t\t\t<\/div>","protected":false},"excerpt":{"rendered":"<p>Shipping Policy Home Shipping Policy At\u00a0Shandong Ailichun Machinery Equipment Co., Ltd.\u00a0we strive to provide timely and efficient delivery of our products to our customers. We ship our products to customers both domestically and internationally. Domestic Shipping: We ship our products within mainland China via various shipping carriers, depending on the product and the location of [&hellip;]<\/p>\n","protected":false},"author":1,"featured_media":0,"parent":0,"menu_order":0,"comment_status":"closed","ping_status":"closed","template":"","meta":{"footnotes":""},"class_list":["post-617","page","type-page","status-publish","hentry"],"_links":{"self":[{"href":"https:\/\/alcnewenergy.com\/fr\/wp-json\/wp\/v2\/pages\/617","targetHints":{"allow":["GET"]}}],"collection":[{"href":"https:\/\/alcnewenergy.com\/fr\/wp-json\/wp\/v2\/pages"}],"about":[{"href":"https:\/\/alcnewenergy.com\/fr\/wp-json\/wp\/v2\/types\/page"}],"author":[{"embeddable":true,"href":"https:\/\/alcnewenergy.com\/fr\/wp-json\/wp\/v2\/users\/1"}],"replies":[{"embeddable":true,"href":"https:\/\/alcnewenergy.com\/fr\/wp-json\/wp\/v2\/comments?post=617"}],"version-history":[{"count":4,"href":"https:\/\/alcnewenergy.com\/fr\/wp-json\/wp\/v2\/pages\/617\/revisions"}],"predecessor-version":[{"id":643,"href":"https:\/\/alcnewenergy.com\/fr\/wp-json\/wp\/v2\/pages\/617\/revisions\/643"}],"wp:attachment":[{"href":"https:\/\/alcnewenergy.com\/fr\/wp-json\/wp\/v2\/media?parent=617"}],"curies":[{"name":"WP","href":"https:\/\/api.w.org\/{rel}","templated":true}]}}